{"id":3263,"date":"2022-04-22T17:14:27","date_gmt":"2022-04-22T15:14:27","guid":{"rendered":"http:\/\/localhost\/wordpress\/?post_type=product&#038;p=2486"},"modified":"2025-07-19T00:42:52","modified_gmt":"2025-07-18T22:42:52","slug":"chaton-femelle-maine-coon-blue","status":"publish","type":"product","link":"https:\/\/charlenedechassat.fr\/maChatterieMazerienne\/mainecoon\/chaton-femelle-maine-coon-blue\/","title":{"rendered":"Tia"},"content":{"rendered":"<ul style=\"list-style-type: none;\">\n<li><strong> chaton femelle maine coon silver blue mackerel<\/strong><\/li>\n<li>n\u00e9e le 05\/03\/2022<\/li>\n<li>Disponible<\/li>\n<li>Parents : <a href=\"https:\/\/machatteriemazerienne.fr\/mainecoon\/male-reproducteur-maine-coon-sawyer\/\">sawyer<\/a> et <a href=\"https:\/\/machatteriemazerienne.fr\/mainecoon\/femelle-reproductrice-maine-coon\/\">Piper<\/a>.<\/li>\n<\/ul>\n","protected":false},"excerpt":{"rendered":"<ul style=\"list-style-type: none;\">\n<li><strong> chaton femelle maine coon silver blue mackerel<\/strong><\/li>\n<li>n\u00e9e le 05\/03\/2022<\/li>\n<li>R\u00e9serv\u00e9<\/li>\n<li>Parents : <a href=\"https:\/\/machatteriemazerienne.fr\/mainecoon\/male-reproducteur-maine-coon-sawyer\/\">sawyer<\/a> et <a href=\"https:\/\/machatteriemazerienne.fr\/mainecoon\/femelle-reproductrice-maine-coon\/\">Piper<\/a>.<\/li>\n<\/ul>\n<p>&nbsp;<\/p>\n","protected":false},"featured_media":4456,"comment_status":"open","ping_status":"closed","template":"","meta":{"inline_featured_image":false},"product_brand":[],"product_cat":[57],"product_tag":[],"class_list":{"0":"post-3263","1":"product","2":"type-product","3":"status-publish","4":"has-post-thumbnail","6":"product_cat-chatons-maine-coon","8":"first","9":"instock","10":"shipping-taxable","11":"product-type-simple"},"yoast_head":"<!-- This site is optimized with the Yoast SEO plugin v24.7 - https:\/\/yoast.com\/wordpress\/plugins\/seo\/ -->\n<title>chaton femelle maine coon Tia - Ma chatterie maz\u00e9rienne<\/title>\n<meta name=\"description\" content=\"Tia, notre chaton femelle maine coon silver blue mackerel. Certifi\u00e9e p\u00e9digree LOOF. R\u00e9serv\u00e9e.\" \/>\n<meta name=\"robots\" content=\"index, follow, max-snippet:-1, max-image-preview:large, max-video-preview:-1\" \/>\n<link rel=\"canonical\" href=\"https:\/\/charlenedechassat.fr\/maChatterieMazerienne\/mainecoon\/chaton-femelle-maine-coon-blue\/\" \/>\n<meta property=\"og:locale\" content=\"fr_FR\" \/>\n<meta property=\"og:type\" content=\"article\" \/>\n<meta property=\"og:title\" content=\"chaton femelle maine coon Tia - Ma chatterie maz\u00e9rienne\" \/>\n<meta property=\"og:description\" content=\"Tia, notre chaton femelle maine coon silver blue mackerel. Certifi\u00e9e p\u00e9digree LOOF. R\u00e9serv\u00e9e.\" \/>\n<meta property=\"og:url\" content=\"https:\/\/charlenedechassat.fr\/maChatterieMazerienne\/mainecoon\/chaton-femelle-maine-coon-blue\/\" \/>\n<meta property=\"og:site_name\" content=\"Ma chatterie maz\u00e9rienne\" \/>\n<meta property=\"article:publisher\" content=\"https:\/\/www.facebook.com\/Ma-Chatterie-Mazrienne\/\" \/>\n<meta property=\"article:modified_time\" content=\"2025-07-18T22:42:52+00:00\" \/>\n<meta property=\"og:image\" content=\"https:\/\/charlenedechassat.fr\/maChatterieMazerienne\/wp-content\/uploads\/2022\/04\/ma-chatterie-mazerienne-tia-reserve.jpg\" \/>\n\t<meta property=\"og:image:width\" content=\"600\" \/>\n\t<meta property=\"og:image:height\" content=\"800\" \/>\n\t<meta property=\"og:image:type\" content=\"image\/jpeg\" \/>\n<meta name=\"twitter:card\" content=\"summary_large_image\" \/>\n<script type=\"application\/ld+json\" class=\"yoast-schema-graph\">{\"@context\":\"https:\/\/schema.org\",\"@graph\":[{\"@type\":\"WebPage\",\"@id\":\"https:\/\/charlenedechassat.fr\/maChatterieMazerienne\/mainecoon\/chaton-femelle-maine-coon-blue\/\",\"url\":\"https:\/\/charlenedechassat.fr\/maChatterieMazerienne\/mainecoon\/chaton-femelle-maine-coon-blue\/\",\"name\":\"chaton femelle maine coon Tia - Ma chatterie maz\u00e9rienne\",\"isPartOf\":{\"@id\":\"https:\/\/charlenedechassat.fr\/maChatterieMazerienne\/#website\"},\"primaryImageOfPage\":{\"@id\":\"https:\/\/charlenedechassat.fr\/maChatterieMazerienne\/mainecoon\/chaton-femelle-maine-coon-blue\/#primaryimage\"},\"image\":{\"@id\":\"https:\/\/charlenedechassat.fr\/maChatterieMazerienne\/mainecoon\/chaton-femelle-maine-coon-blue\/#primaryimage\"},\"thumbnailUrl\":\"https:\/\/charlenedechassat.fr\/maChatterieMazerienne\/wp-content\/uploads\/2022\/04\/ma-chatterie-mazerienne-tia-reserve.jpg\",\"datePublished\":\"2022-04-22T15:14:27+00:00\",\"dateModified\":\"2025-07-18T22:42:52+00:00\",\"description\":\"Tia, notre chaton femelle maine coon silver blue mackerel. Certifi\u00e9e p\u00e9digree LOOF. R\u00e9serv\u00e9e.\",\"breadcrumb\":{\"@id\":\"https:\/\/charlenedechassat.fr\/maChatterieMazerienne\/mainecoon\/chaton-femelle-maine-coon-blue\/#breadcrumb\"},\"inLanguage\":\"fr-FR\",\"potentialAction\":[{\"@type\":\"ReadAction\",\"target\":[\"https:\/\/charlenedechassat.fr\/maChatterieMazerienne\/mainecoon\/chaton-femelle-maine-coon-blue\/\"]}]},{\"@type\":\"ImageObject\",\"inLanguage\":\"fr-FR\",\"@id\":\"https:\/\/charlenedechassat.fr\/maChatterieMazerienne\/mainecoon\/chaton-femelle-maine-coon-blue\/#primaryimage\",\"url\":\"https:\/\/charlenedechassat.fr\/maChatterieMazerienne\/wp-content\/uploads\/2022\/04\/ma-chatterie-mazerienne-tia-reserve.jpg\",\"contentUrl\":\"https:\/\/charlenedechassat.fr\/maChatterieMazerienne\/wp-content\/uploads\/2022\/04\/ma-chatterie-mazerienne-tia-reserve.jpg\",\"width\":600,\"height\":800},{\"@type\":\"BreadcrumbList\",\"@id\":\"https:\/\/charlenedechassat.fr\/maChatterieMazerienne\/mainecoon\/chaton-femelle-maine-coon-blue\/#breadcrumb\",\"itemListElement\":[{\"@type\":\"ListItem\",\"position\":1,\"name\":\"Accueil\",\"item\":\"https:\/\/charlenedechassat.fr\/maChatterieMazerienne\/\"},{\"@type\":\"ListItem\",\"position\":2,\"name\":\"Nos Maine coon\",\"item\":\"https:\/\/charlenedechassat.fr\/maChatterieMazerienne\/nos-maine-coon\/\"},{\"@type\":\"ListItem\",\"position\":3,\"name\":\"Tia\"}]},{\"@type\":\"WebSite\",\"@id\":\"https:\/\/charlenedechassat.fr\/maChatterieMazerienne\/#website\",\"url\":\"https:\/\/charlenedechassat.fr\/maChatterieMazerienne\/\",\"name\":\"Ma chatterie maz\u00e9rienne\",\"description\":\"\",\"publisher\":{\"@id\":\"https:\/\/charlenedechassat.fr\/maChatterieMazerienne\/#organization\"},\"potentialAction\":[{\"@type\":\"SearchAction\",\"target\":{\"@type\":\"EntryPoint\",\"urlTemplate\":\"https:\/\/charlenedechassat.fr\/maChatterieMazerienne\/?s={search_term_string}\"},\"query-input\":{\"@type\":\"PropertyValueSpecification\",\"valueRequired\":true,\"valueName\":\"search_term_string\"}}],\"inLanguage\":\"fr-FR\"},{\"@type\":\"Organization\",\"@id\":\"https:\/\/charlenedechassat.fr\/maChatterieMazerienne\/#organization\",\"name\":\"Ma chatterie maz\u00e9rienne\",\"url\":\"https:\/\/charlenedechassat.fr\/maChatterieMazerienne\/\",\"logo\":{\"@type\":\"ImageObject\",\"inLanguage\":\"fr-FR\",\"@id\":\"https:\/\/charlenedechassat.fr\/maChatterieMazerienne\/#\/schema\/logo\/image\/\",\"url\":\"https:\/\/charlenedechassat.fr\/maChatterieMazerienne\/wp-content\/uploads\/2022\/05\/ma-chatterie-mazerienne_logo_noir.png\",\"contentUrl\":\"https:\/\/charlenedechassat.fr\/maChatterieMazerienne\/wp-content\/uploads\/2022\/05\/ma-chatterie-mazerienne_logo_noir.png\",\"width\":512,\"height\":308,\"caption\":\"Ma chatterie maz\u00e9rienne\"},\"image\":{\"@id\":\"https:\/\/charlenedechassat.fr\/maChatterieMazerienne\/#\/schema\/logo\/image\/\"},\"sameAs\":[\"https:\/\/www.facebook.com\/Ma-Chatterie-Mazrienne\/\",\"https:\/\/www.instagram.com\/machatteriemazerienne\/\"]}]}<\/script>\n<!-- \/ Yoast SEO plugin. -->","yoast_head_json":{"title":"chaton femelle maine coon Tia - Ma chatterie maz\u00e9rienne","description":"Tia, notre chaton femelle maine coon silver blue mackerel. Certifi\u00e9e p\u00e9digree LOOF. R\u00e9serv\u00e9e.","robots":{"index":"index","follow":"follow","max-snippet":"max-snippet:-1","max-image-preview":"max-image-preview:large","max-video-preview":"max-video-preview:-1"},"canonical":"https:\/\/charlenedechassat.fr\/maChatterieMazerienne\/mainecoon\/chaton-femelle-maine-coon-blue\/","og_locale":"fr_FR","og_type":"article","og_title":"chaton femelle maine coon Tia - Ma chatterie maz\u00e9rienne","og_description":"Tia, notre chaton femelle maine coon silver blue mackerel. Certifi\u00e9e p\u00e9digree LOOF. R\u00e9serv\u00e9e.","og_url":"https:\/\/charlenedechassat.fr\/maChatterieMazerienne\/mainecoon\/chaton-femelle-maine-coon-blue\/","og_site_name":"Ma chatterie maz\u00e9rienne","article_publisher":"https:\/\/www.facebook.com\/Ma-Chatterie-Mazrienne\/","article_modified_time":"2025-07-18T22:42:52+00:00","og_image":[{"width":600,"height":800,"url":"https:\/\/charlenedechassat.fr\/maChatterieMazerienne\/wp-content\/uploads\/2022\/04\/ma-chatterie-mazerienne-tia-reserve.jpg","type":"image\/jpeg"}],"twitter_card":"summary_large_image","schema":{"@context":"https:\/\/schema.org","@graph":[{"@type":"WebPage","@id":"https:\/\/charlenedechassat.fr\/maChatterieMazerienne\/mainecoon\/chaton-femelle-maine-coon-blue\/","url":"https:\/\/charlenedechassat.fr\/maChatterieMazerienne\/mainecoon\/chaton-femelle-maine-coon-blue\/","name":"chaton femelle maine coon Tia - Ma chatterie maz\u00e9rienne","isPartOf":{"@id":"https:\/\/charlenedechassat.fr\/maChatterieMazerienne\/#website"},"primaryImageOfPage":{"@id":"https:\/\/charlenedechassat.fr\/maChatterieMazerienne\/mainecoon\/chaton-femelle-maine-coon-blue\/#primaryimage"},"image":{"@id":"https:\/\/charlenedechassat.fr\/maChatterieMazerienne\/mainecoon\/chaton-femelle-maine-coon-blue\/#primaryimage"},"thumbnailUrl":"https:\/\/charlenedechassat.fr\/maChatterieMazerienne\/wp-content\/uploads\/2022\/04\/ma-chatterie-mazerienne-tia-reserve.jpg","datePublished":"2022-04-22T15:14:27+00:00","dateModified":"2025-07-18T22:42:52+00:00","description":"Tia, notre chaton femelle maine coon silver blue mackerel. Certifi\u00e9e p\u00e9digree LOOF. R\u00e9serv\u00e9e.","breadcrumb":{"@id":"https:\/\/charlenedechassat.fr\/maChatterieMazerienne\/mainecoon\/chaton-femelle-maine-coon-blue\/#breadcrumb"},"inLanguage":"fr-FR","potentialAction":[{"@type":"ReadAction","target":["https:\/\/charlenedechassat.fr\/maChatterieMazerienne\/mainecoon\/chaton-femelle-maine-coon-blue\/"]}]},{"@type":"ImageObject","inLanguage":"fr-FR","@id":"https:\/\/charlenedechassat.fr\/maChatterieMazerienne\/mainecoon\/chaton-femelle-maine-coon-blue\/#primaryimage","url":"https:\/\/charlenedechassat.fr\/maChatterieMazerienne\/wp-content\/uploads\/2022\/04\/ma-chatterie-mazerienne-tia-reserve.jpg","contentUrl":"https:\/\/charlenedechassat.fr\/maChatterieMazerienne\/wp-content\/uploads\/2022\/04\/ma-chatterie-mazerienne-tia-reserve.jpg","width":600,"height":800},{"@type":"BreadcrumbList","@id":"https:\/\/charlenedechassat.fr\/maChatterieMazerienne\/mainecoon\/chaton-femelle-maine-coon-blue\/#breadcrumb","itemListElement":[{"@type":"ListItem","position":1,"name":"Accueil","item":"https:\/\/charlenedechassat.fr\/maChatterieMazerienne\/"},{"@type":"ListItem","position":2,"name":"Nos Maine coon","item":"https:\/\/charlenedechassat.fr\/maChatterieMazerienne\/nos-maine-coon\/"},{"@type":"ListItem","position":3,"name":"Tia"}]},{"@type":"WebSite","@id":"https:\/\/charlenedechassat.fr\/maChatterieMazerienne\/#website","url":"https:\/\/charlenedechassat.fr\/maChatterieMazerienne\/","name":"Ma chatterie maz\u00e9rienne","description":"","publisher":{"@id":"https:\/\/charlenedechassat.fr\/maChatterieMazerienne\/#organization"},"potentialAction":[{"@type":"SearchAction","target":{"@type":"EntryPoint","urlTemplate":"https:\/\/charlenedechassat.fr\/maChatterieMazerienne\/?s={search_term_string}"},"query-input":{"@type":"PropertyValueSpecification","valueRequired":true,"valueName":"search_term_string"}}],"inLanguage":"fr-FR"},{"@type":"Organization","@id":"https:\/\/charlenedechassat.fr\/maChatterieMazerienne\/#organization","name":"Ma chatterie maz\u00e9rienne","url":"https:\/\/charlenedechassat.fr\/maChatterieMazerienne\/","logo":{"@type":"ImageObject","inLanguage":"fr-FR","@id":"https:\/\/charlenedechassat.fr\/maChatterieMazerienne\/#\/schema\/logo\/image\/","url":"https:\/\/charlenedechassat.fr\/maChatterieMazerienne\/wp-content\/uploads\/2022\/05\/ma-chatterie-mazerienne_logo_noir.png","contentUrl":"https:\/\/charlenedechassat.fr\/maChatterieMazerienne\/wp-content\/uploads\/2022\/05\/ma-chatterie-mazerienne_logo_noir.png","width":512,"height":308,"caption":"Ma chatterie maz\u00e9rienne"},"image":{"@id":"https:\/\/charlenedechassat.fr\/maChatterieMazerienne\/#\/schema\/logo\/image\/"},"sameAs":["https:\/\/www.facebook.com\/Ma-Chatterie-Mazrienne\/","https:\/\/www.instagram.com\/machatteriemazerienne\/"]}]}},"_links":{"self":[{"href":"https:\/\/charlenedechassat.fr\/maChatterieMazerienne\/wp-json\/wp\/v2\/product\/3263","targetHints":{"allow":["GET"]}}],"collection":[{"href":"https:\/\/charlenedechassat.fr\/maChatterieMazerienne\/wp-json\/wp\/v2\/product"}],"about":[{"href":"https:\/\/charlenedechassat.fr\/maChatterieMazerienne\/wp-json\/wp\/v2\/types\/product"}],"replies":[{"embeddable":true,"href":"https:\/\/charlenedechassat.fr\/maChatterieMazerienne\/wp-json\/wp\/v2\/comments?post=3263"}],"version-history":[{"count":21,"href":"https:\/\/charlenedechassat.fr\/maChatterieMazerienne\/wp-json\/wp\/v2\/product\/3263\/revisions"}],"predecessor-version":[{"id":3395,"href":"https:\/\/charlenedechassat.fr\/maChatterieMazerienne\/wp-json\/wp\/v2\/product\/3263\/revisions\/3395"}],"wp:featuredmedia":[{"embeddable":true,"href":"https:\/\/charlenedechassat.fr\/maChatterieMazerienne\/wp-json\/wp\/v2\/media\/4456"}],"wp:attachment":[{"href":"https:\/\/charlenedechassat.fr\/maChatterieMazerienne\/wp-json\/wp\/v2\/media?parent=3263"}],"wp:term":[{"taxonomy":"product_brand","embeddable":true,"href":"https:\/\/charlenedechassat.fr\/maChatterieMazerienne\/wp-json\/wp\/v2\/product_brand?post=3263"},{"taxonomy":"product_cat","embeddable":true,"href":"https:\/\/charlenedechassat.fr\/maChatterieMazerienne\/wp-json\/wp\/v2\/product_cat?post=3263"},{"taxonomy":"product_tag","embeddable":true,"href":"https:\/\/charlenedechassat.fr\/maChatterieMazerienne\/wp-json\/wp\/v2\/product_tag?post=3263"}],"curies":[{"name":"wp","href":"https:\/\/api.w.org\/{rel}","templated":true}]}}