{"id":2798,"date":"2022-04-28T19:19:20","date_gmt":"2022-04-28T17:19:20","guid":{"rendered":"http:\/\/localhost\/wordpress\/?post_type=product&#038;p=2798"},"modified":"2025-07-19T00:42:52","modified_gmt":"2025-07-18T22:42:52","slug":"femelle-reproductrice-maine-coon","status":"publish","type":"product","link":"https:\/\/charlenedechassat.fr\/maChatterieMazerienne\/mainecoon\/femelle-reproductrice-maine-coon\/","title":{"rendered":"Piper"},"content":{"rendered":"<ul>\n<li>Magnifique <strong>femelle reproductrice maine coon<\/strong> Black Silver Blotched Tabby<\/li>\n<p><\/p>\n<li>N\u00e9e le 10\/08\/2019<\/li>\n<li>Origine: Chatterie du bosc de saint julien<\/li>\n<\/ul>\n","protected":false},"excerpt":{"rendered":"<ul>\n<li>Magnifique <strong>femelle reproductrice maine coon<\/strong> Black Silver Blotched Tabby<\/li>\n<p><\/p>\n<li>N\u00e9e le 10\/08\/2019<\/li>\n<li>Origine: Chatterie du bosc de saint julien<\/li>\n<\/ul>\n","protected":false},"featured_media":2799,"comment_status":"open","ping_status":"closed","template":"","meta":{"inline_featured_image":false},"product_brand":[],"product_cat":[54],"product_tag":[],"class_list":{"0":"post-2798","1":"product","2":"type-product","3":"status-publish","4":"has-post-thumbnail","6":"product_cat-reproducteurs-maine-coon","8":"first","9":"instock","10":"shipping-taxable","11":"product-type-simple"},"yoast_head":"<!-- This site is optimized with the Yoast SEO plugin v24.7 - https:\/\/yoast.com\/wordpress\/plugins\/seo\/ -->\n<title>Femelle reproductrice maine coon Piper - Ma chatterie maz\u00e9rienne<\/title>\n<meta name=\"description\" content=\"Notre magnifique femelle reproductrice maine coon silver blotched Piper. D\u00e9couvrez sa derni\u00e8re port\u00e9e dans notre rubrique &quot;chaton&quot;.\" \/>\n<meta name=\"robots\" content=\"index, follow, max-snippet:-1, max-image-preview:large, max-video-preview:-1\" \/>\n<link rel=\"canonical\" href=\"https:\/\/charlenedechassat.fr\/maChatterieMazerienne\/mainecoon\/femelle-reproductrice-maine-coon\/\" \/>\n<meta property=\"og:locale\" content=\"fr_FR\" \/>\n<meta property=\"og:type\" content=\"article\" \/>\n<meta property=\"og:title\" content=\"Piper - Ma chatterie maz\u00e9rienne\" \/>\n<meta property=\"og:description\" content=\"Notre magnifique femelle reproductrice maine coon silver blotched Piper. D\u00e9couvrez sa derni\u00e8re port\u00e9e dans notre rubrique &quot;chaton&quot;.\" \/>\n<meta property=\"og:url\" content=\"https:\/\/charlenedechassat.fr\/maChatterieMazerienne\/mainecoon\/femelle-reproductrice-maine-coon\/\" \/>\n<meta property=\"og:site_name\" content=\"Ma chatterie maz\u00e9rienne\" \/>\n<meta property=\"article:publisher\" content=\"https:\/\/www.facebook.com\/Ma-Chatterie-Mazrienne\/\" \/>\n<meta property=\"article:modified_time\" content=\"2025-07-18T22:42:52+00:00\" \/>\n<meta property=\"og:image\" content=\"https:\/\/charlenedechassat.fr\/maChatterieMazerienne\/wp-content\/uploads\/2022\/04\/ma-chatterie-mazerienne-piper.jpg\" \/>\n\t<meta property=\"og:image:width\" content=\"600\" \/>\n\t<meta property=\"og:image:height\" content=\"800\" \/>\n\t<meta property=\"og:image:type\" content=\"image\/jpeg\" \/>\n<meta name=\"twitter:card\" content=\"summary_large_image\" \/>\n<script type=\"application\/ld+json\" class=\"yoast-schema-graph\">{\"@context\":\"https:\/\/schema.org\",\"@graph\":[{\"@type\":[\"WebPage\",\"ItemPage\"],\"@id\":\"https:\/\/charlenedechassat.fr\/maChatterieMazerienne\/mainecoon\/femelle-reproductrice-maine-coon\/\",\"url\":\"https:\/\/charlenedechassat.fr\/maChatterieMazerienne\/mainecoon\/femelle-reproductrice-maine-coon\/\",\"name\":\"Femelle reproductrice maine coon Piper - Ma chatterie maz\u00e9rienne\",\"isPartOf\":{\"@id\":\"https:\/\/charlenedechassat.fr\/maChatterieMazerienne\/#website\"},\"primaryImageOfPage\":{\"@id\":\"https:\/\/charlenedechassat.fr\/maChatterieMazerienne\/mainecoon\/femelle-reproductrice-maine-coon\/#primaryimage\"},\"image\":{\"@id\":\"https:\/\/charlenedechassat.fr\/maChatterieMazerienne\/mainecoon\/femelle-reproductrice-maine-coon\/#primaryimage\"},\"thumbnailUrl\":\"https:\/\/charlenedechassat.fr\/maChatterieMazerienne\/wp-content\/uploads\/2022\/04\/ma-chatterie-mazerienne-piper.jpg\",\"datePublished\":\"2022-04-28T17:19:20+00:00\",\"dateModified\":\"2025-07-18T22:42:52+00:00\",\"description\":\"Notre magnifique femelle reproductrice maine coon silver blotched Piper. D\u00e9couvrez sa derni\u00e8re port\u00e9e dans notre rubrique \\\"chaton\\\".\",\"breadcrumb\":{\"@id\":\"https:\/\/charlenedechassat.fr\/maChatterieMazerienne\/mainecoon\/femelle-reproductrice-maine-coon\/#breadcrumb\"},\"inLanguage\":\"fr-FR\",\"potentialAction\":[{\"@type\":\"ReadAction\",\"target\":[\"https:\/\/charlenedechassat.fr\/maChatterieMazerienne\/mainecoon\/femelle-reproductrice-maine-coon\/\"]}]},{\"@type\":\"ImageObject\",\"inLanguage\":\"fr-FR\",\"@id\":\"https:\/\/charlenedechassat.fr\/maChatterieMazerienne\/mainecoon\/femelle-reproductrice-maine-coon\/#primaryimage\",\"url\":\"https:\/\/charlenedechassat.fr\/maChatterieMazerienne\/wp-content\/uploads\/2022\/04\/ma-chatterie-mazerienne-piper.jpg\",\"contentUrl\":\"https:\/\/charlenedechassat.fr\/maChatterieMazerienne\/wp-content\/uploads\/2022\/04\/ma-chatterie-mazerienne-piper.jpg\",\"width\":600,\"height\":800,\"caption\":\"femelle reprodutrice maine coon piper- ma chatterie mazerienne\"},{\"@type\":\"BreadcrumbList\",\"@id\":\"https:\/\/charlenedechassat.fr\/maChatterieMazerienne\/mainecoon\/femelle-reproductrice-maine-coon\/#breadcrumb\",\"itemListElement\":[{\"@type\":\"ListItem\",\"position\":1,\"name\":\"Accueil\",\"item\":\"https:\/\/charlenedechassat.fr\/maChatterieMazerienne\/\"},{\"@type\":\"ListItem\",\"position\":2,\"name\":\"Nos Maine coon\",\"item\":\"https:\/\/charlenedechassat.fr\/maChatterieMazerienne\/nos-maine-coon\/\"},{\"@type\":\"ListItem\",\"position\":3,\"name\":\"Piper\"}]},{\"@type\":\"WebSite\",\"@id\":\"https:\/\/charlenedechassat.fr\/maChatterieMazerienne\/#website\",\"url\":\"https:\/\/charlenedechassat.fr\/maChatterieMazerienne\/\",\"name\":\"Ma chatterie maz\u00e9rienne\",\"description\":\"\",\"publisher\":{\"@id\":\"https:\/\/charlenedechassat.fr\/maChatterieMazerienne\/#organization\"},\"potentialAction\":[{\"@type\":\"SearchAction\",\"target\":{\"@type\":\"EntryPoint\",\"urlTemplate\":\"https:\/\/charlenedechassat.fr\/maChatterieMazerienne\/?s={search_term_string}\"},\"query-input\":{\"@type\":\"PropertyValueSpecification\",\"valueRequired\":true,\"valueName\":\"search_term_string\"}}],\"inLanguage\":\"fr-FR\"},{\"@type\":\"Organization\",\"@id\":\"https:\/\/charlenedechassat.fr\/maChatterieMazerienne\/#organization\",\"name\":\"Ma chatterie maz\u00e9rienne\",\"url\":\"https:\/\/charlenedechassat.fr\/maChatterieMazerienne\/\",\"logo\":{\"@type\":\"ImageObject\",\"inLanguage\":\"fr-FR\",\"@id\":\"https:\/\/charlenedechassat.fr\/maChatterieMazerienne\/#\/schema\/logo\/image\/\",\"url\":\"https:\/\/charlenedechassat.fr\/maChatterieMazerienne\/wp-content\/uploads\/2022\/05\/ma-chatterie-mazerienne_logo_noir.png\",\"contentUrl\":\"https:\/\/charlenedechassat.fr\/maChatterieMazerienne\/wp-content\/uploads\/2022\/05\/ma-chatterie-mazerienne_logo_noir.png\",\"width\":512,\"height\":308,\"caption\":\"Ma chatterie maz\u00e9rienne\"},\"image\":{\"@id\":\"https:\/\/charlenedechassat.fr\/maChatterieMazerienne\/#\/schema\/logo\/image\/\"},\"sameAs\":[\"https:\/\/www.facebook.com\/Ma-Chatterie-Mazrienne\/\",\"https:\/\/www.instagram.com\/machatteriemazerienne\/\"]}]}<\/script>\n<!-- \/ Yoast SEO plugin. -->","yoast_head_json":{"title":"Femelle reproductrice maine coon Piper - Ma chatterie maz\u00e9rienne","description":"Notre magnifique femelle reproductrice maine coon silver blotched Piper. D\u00e9couvrez sa derni\u00e8re port\u00e9e dans notre rubrique \"chaton\".","robots":{"index":"index","follow":"follow","max-snippet":"max-snippet:-1","max-image-preview":"max-image-preview:large","max-video-preview":"max-video-preview:-1"},"canonical":"https:\/\/charlenedechassat.fr\/maChatterieMazerienne\/mainecoon\/femelle-reproductrice-maine-coon\/","og_locale":"fr_FR","og_type":"article","og_title":"Piper - Ma chatterie maz\u00e9rienne","og_description":"Notre magnifique femelle reproductrice maine coon silver blotched Piper. D\u00e9couvrez sa derni\u00e8re port\u00e9e dans notre rubrique \"chaton\".","og_url":"https:\/\/charlenedechassat.fr\/maChatterieMazerienne\/mainecoon\/femelle-reproductrice-maine-coon\/","og_site_name":"Ma chatterie maz\u00e9rienne","article_publisher":"https:\/\/www.facebook.com\/Ma-Chatterie-Mazrienne\/","article_modified_time":"2025-07-18T22:42:52+00:00","og_image":[{"width":600,"height":800,"url":"https:\/\/charlenedechassat.fr\/maChatterieMazerienne\/wp-content\/uploads\/2022\/04\/ma-chatterie-mazerienne-piper.jpg","type":"image\/jpeg"}],"twitter_card":"summary_large_image","schema":{"@context":"https:\/\/schema.org","@graph":[{"@type":["WebPage","ItemPage"],"@id":"https:\/\/charlenedechassat.fr\/maChatterieMazerienne\/mainecoon\/femelle-reproductrice-maine-coon\/","url":"https:\/\/charlenedechassat.fr\/maChatterieMazerienne\/mainecoon\/femelle-reproductrice-maine-coon\/","name":"Femelle reproductrice maine coon Piper - Ma chatterie maz\u00e9rienne","isPartOf":{"@id":"https:\/\/charlenedechassat.fr\/maChatterieMazerienne\/#website"},"primaryImageOfPage":{"@id":"https:\/\/charlenedechassat.fr\/maChatterieMazerienne\/mainecoon\/femelle-reproductrice-maine-coon\/#primaryimage"},"image":{"@id":"https:\/\/charlenedechassat.fr\/maChatterieMazerienne\/mainecoon\/femelle-reproductrice-maine-coon\/#primaryimage"},"thumbnailUrl":"https:\/\/charlenedechassat.fr\/maChatterieMazerienne\/wp-content\/uploads\/2022\/04\/ma-chatterie-mazerienne-piper.jpg","datePublished":"2022-04-28T17:19:20+00:00","dateModified":"2025-07-18T22:42:52+00:00","description":"Notre magnifique femelle reproductrice maine coon silver blotched Piper. D\u00e9couvrez sa derni\u00e8re port\u00e9e dans notre rubrique \"chaton\".","breadcrumb":{"@id":"https:\/\/charlenedechassat.fr\/maChatterieMazerienne\/mainecoon\/femelle-reproductrice-maine-coon\/#breadcrumb"},"inLanguage":"fr-FR","potentialAction":[{"@type":"ReadAction","target":["https:\/\/charlenedechassat.fr\/maChatterieMazerienne\/mainecoon\/femelle-reproductrice-maine-coon\/"]}]},{"@type":"ImageObject","inLanguage":"fr-FR","@id":"https:\/\/charlenedechassat.fr\/maChatterieMazerienne\/mainecoon\/femelle-reproductrice-maine-coon\/#primaryimage","url":"https:\/\/charlenedechassat.fr\/maChatterieMazerienne\/wp-content\/uploads\/2022\/04\/ma-chatterie-mazerienne-piper.jpg","contentUrl":"https:\/\/charlenedechassat.fr\/maChatterieMazerienne\/wp-content\/uploads\/2022\/04\/ma-chatterie-mazerienne-piper.jpg","width":600,"height":800,"caption":"femelle reprodutrice maine coon piper- ma chatterie mazerienne"},{"@type":"BreadcrumbList","@id":"https:\/\/charlenedechassat.fr\/maChatterieMazerienne\/mainecoon\/femelle-reproductrice-maine-coon\/#breadcrumb","itemListElement":[{"@type":"ListItem","position":1,"name":"Accueil","item":"https:\/\/charlenedechassat.fr\/maChatterieMazerienne\/"},{"@type":"ListItem","position":2,"name":"Nos Maine coon","item":"https:\/\/charlenedechassat.fr\/maChatterieMazerienne\/nos-maine-coon\/"},{"@type":"ListItem","position":3,"name":"Piper"}]},{"@type":"WebSite","@id":"https:\/\/charlenedechassat.fr\/maChatterieMazerienne\/#website","url":"https:\/\/charlenedechassat.fr\/maChatterieMazerienne\/","name":"Ma chatterie maz\u00e9rienne","description":"","publisher":{"@id":"https:\/\/charlenedechassat.fr\/maChatterieMazerienne\/#organization"},"potentialAction":[{"@type":"SearchAction","target":{"@type":"EntryPoint","urlTemplate":"https:\/\/charlenedechassat.fr\/maChatterieMazerienne\/?s={search_term_string}"},"query-input":{"@type":"PropertyValueSpecification","valueRequired":true,"valueName":"search_term_string"}}],"inLanguage":"fr-FR"},{"@type":"Organization","@id":"https:\/\/charlenedechassat.fr\/maChatterieMazerienne\/#organization","name":"Ma chatterie maz\u00e9rienne","url":"https:\/\/charlenedechassat.fr\/maChatterieMazerienne\/","logo":{"@type":"ImageObject","inLanguage":"fr-FR","@id":"https:\/\/charlenedechassat.fr\/maChatterieMazerienne\/#\/schema\/logo\/image\/","url":"https:\/\/charlenedechassat.fr\/maChatterieMazerienne\/wp-content\/uploads\/2022\/05\/ma-chatterie-mazerienne_logo_noir.png","contentUrl":"https:\/\/charlenedechassat.fr\/maChatterieMazerienne\/wp-content\/uploads\/2022\/05\/ma-chatterie-mazerienne_logo_noir.png","width":512,"height":308,"caption":"Ma chatterie maz\u00e9rienne"},"image":{"@id":"https:\/\/charlenedechassat.fr\/maChatterieMazerienne\/#\/schema\/logo\/image\/"},"sameAs":["https:\/\/www.facebook.com\/Ma-Chatterie-Mazrienne\/","https:\/\/www.instagram.com\/machatteriemazerienne\/"]}]}},"_links":{"self":[{"href":"https:\/\/charlenedechassat.fr\/maChatterieMazerienne\/wp-json\/wp\/v2\/product\/2798","targetHints":{"allow":["GET"]}}],"collection":[{"href":"https:\/\/charlenedechassat.fr\/maChatterieMazerienne\/wp-json\/wp\/v2\/product"}],"about":[{"href":"https:\/\/charlenedechassat.fr\/maChatterieMazerienne\/wp-json\/wp\/v2\/types\/product"}],"replies":[{"embeddable":true,"href":"https:\/\/charlenedechassat.fr\/maChatterieMazerienne\/wp-json\/wp\/v2\/comments?post=2798"}],"version-history":[{"count":9,"href":"https:\/\/charlenedechassat.fr\/maChatterieMazerienne\/wp-json\/wp\/v2\/product\/2798\/revisions"}],"predecessor-version":[{"id":4358,"href":"https:\/\/charlenedechassat.fr\/maChatterieMazerienne\/wp-json\/wp\/v2\/product\/2798\/revisions\/4358"}],"wp:featuredmedia":[{"embeddable":true,"href":"https:\/\/charlenedechassat.fr\/maChatterieMazerienne\/wp-json\/wp\/v2\/media\/2799"}],"wp:attachment":[{"href":"https:\/\/charlenedechassat.fr\/maChatterieMazerienne\/wp-json\/wp\/v2\/media?parent=2798"}],"wp:term":[{"taxonomy":"product_brand","embeddable":true,"href":"https:\/\/charlenedechassat.fr\/maChatterieMazerienne\/wp-json\/wp\/v2\/product_brand?post=2798"},{"taxonomy":"product_cat","embeddable":true,"href":"https:\/\/charlenedechassat.fr\/maChatterieMazerienne\/wp-json\/wp\/v2\/product_cat?post=2798"},{"taxonomy":"product_tag","embeddable":true,"href":"https:\/\/charlenedechassat.fr\/maChatterieMazerienne\/wp-json\/wp\/v2\/product_tag?post=2798"}],"curies":[{"name":"wp","href":"https:\/\/api.w.org\/{rel}","templated":true}]}}