{"id":525,"date":"2022-03-16T23:34:07","date_gmt":"2022-03-16T22:34:07","guid":{"rendered":"http:\/\/localhost\/wordpress\/?page_id=525"},"modified":"2025-03-23T23:54:37","modified_gmt":"2025-03-23T22:54:37","slug":"adoption-chaton-mainecoon","status":"publish","type":"page","link":"https:\/\/charlenedechassat.fr\/maChatterieMazerienne\/adoption-chaton-mainecoon\/","title":{"rendered":"Adoption"},"content":{"rendered":"\t\t<div data-elementor-type=\"wp-page\" data-elementor-id=\"525\" class=\"elementor elementor-525\">\n\t\t\t\t\t\t<section class=\"elementor-section elementor-top-section elementor-element elementor-element-0103e5d elementor-section-boxed elementor-section-height-default elementor-section-height-default\" data-id=\"0103e5d\" data-element_type=\"section\">\n\t\t\t\t\t\t<div class=\"elementor-container elementor-column-gap-default\">\n\t\t\t\t\t<div class=\"elementor-column elementor-col-100 elementor-top-column elementor-element elementor-element-4d29cc3\" data-id=\"4d29cc3\" data-element_type=\"column\">\n\t\t\t<div class=\"elementor-widget-wrap elementor-element-populated\">\n\t\t\t\t\t\t<div class=\"elementor-element elementor-element-f0683b8 elementor-widget elementor-widget-heading\" data-id=\"f0683b8\" data-element_type=\"widget\" data-widget_type=\"heading.default\">\n\t\t\t\t<div class=\"elementor-widget-container\">\n\t\t\t\t\t<h1 class=\"elementor-heading-title elementor-size-default\">Conditions d'adoption<\/h1>\t\t\t\t<\/div>\n\t\t\t\t<\/div>\n\t\t\t\t<div class=\"elementor-element elementor-element-4c81c81 elementor-widget-divider--view-line elementor-widget elementor-widget-divider\" data-id=\"4c81c81\" data-element_type=\"widget\" data-widget_type=\"divider.default\">\n\t\t\t\t<div class=\"elementor-widget-container\">\n\t\t\t\t\t\t\t<div class=\"elementor-divider\">\n\t\t\t<span class=\"elementor-divider-separator\">\n\t\t\t\t\t\t<\/span>\n\t\t<\/div>\n\t\t\t\t\t\t<\/div>\n\t\t\t\t<\/div>\n\t\t\t\t<div class=\"elementor-element elementor-element-48badef elementor-widget elementor-widget-text-editor\" data-id=\"48badef\" data-element_type=\"widget\" data-widget_type=\"text-editor.default\">\n\t\t\t\t<div class=\"elementor-widget-container\">\n\t\t\t\t\t\t\t\t\tPour nos chatons, nous essayons de trouver les meilleures familles possibles. Si vous souhaitez\u00a0adopter un chaton maine coon\u00a0voici nos conditions d&#8217;adoption.\t\t\t\t\t\t\t\t<\/div>\n\t\t\t\t<\/div>\n\t\t\t\t\t<\/div>\n\t\t<\/div>\n\t\t\t\t\t<\/div>\n\t\t<\/section>\n\t\t\t\t<section class=\"elementor-section elementor-top-section elementor-element elementor-element-2d9a04c elementor-section-boxed elementor-section-height-default elementor-section-height-default\" data-id=\"2d9a04c\" data-element_type=\"section\">\n\t\t\t\t\t\t<div class=\"elementor-container elementor-column-gap-default\">\n\t\t\t\t\t<div class=\"elementor-column elementor-col-50 elementor-top-column elementor-element elementor-element-60acfb8\" data-id=\"60acfb8\" data-element_type=\"column\">\n\t\t\t<div class=\"elementor-widget-wrap elementor-element-populated\">\n\t\t\t\t\t\t<div class=\"elementor-element elementor-element-46ab588 elementor-widget elementor-widget-heading\" data-id=\"46ab588\" data-element_type=\"widget\" data-widget_type=\"heading.default\">\n\t\t\t\t<div class=\"elementor-widget-container\">\n\t\t\t\t\t<h3 class=\"elementor-heading-title elementor-size-default\">Premi\u00e8re \u00e9tape : le contact<\/h3>\t\t\t\t<\/div>\n\t\t\t\t<\/div>\n\t\t\t\t<div class=\"elementor-element elementor-element-e93fe35 elementor-widget elementor-widget-text-editor\" data-id=\"e93fe35\" data-element_type=\"widget\" data-widget_type=\"text-editor.default\">\n\t\t\t\t<div class=\"elementor-widget-container\">\n\t\t\t\t\t\t\t\t\tPar t\u00e9l\u00e9phone au 07 37 73 57 24 ou via le <a href=\"https:\/\/charlenedechassat.fr\/maChatterieMazerienne\/contacter-la-chatterie\/\"> formulaire de contact<\/a> , nous vous demanderons les informations suivantes :\n<ol>\n \t<li>Quel chaton vous int\u00e9resse.<\/li>\n \t<li>Une pr\u00e9sentation br\u00e8ve de vous (rythme de vie) et de votre environnement (animaux, enfants).<\/li>\n<\/ol>\nCes derniers nous permettrons de mieux vous connaitre et de passer \u00e0 l&#8217;\u00e9tape de la <strong>r\u00e9servation<\/strong>.\t\t\t\t\t\t\t\t<\/div>\n\t\t\t\t<\/div>\n\t\t\t\t\t<\/div>\n\t\t<\/div>\n\t\t\t\t<div class=\"elementor-column elementor-col-50 elementor-top-column elementor-element elementor-element-48a358d\" data-id=\"48a358d\" data-element_type=\"column\">\n\t\t\t<div class=\"elementor-widget-wrap elementor-element-populated\">\n\t\t\t\t\t\t<div class=\"elementor-element elementor-element-8eba0e7 elementor-widget elementor-widget-heading\" data-id=\"8eba0e7\" data-element_type=\"widget\" data-widget_type=\"heading.default\">\n\t\t\t\t<div class=\"elementor-widget-container\">\n\t\t\t\t\t<h3 class=\"elementor-heading-title elementor-size-default\">D\u00e9part du chaton<\/h3>\t\t\t\t<\/div>\n\t\t\t\t<\/div>\n\t\t\t\t<div class=\"elementor-element elementor-element-6386367 elementor-widget elementor-widget-text-editor\" data-id=\"6386367\" data-element_type=\"widget\" data-widget_type=\"text-editor.default\">\n\t\t\t\t<div class=\"elementor-widget-container\">\n\t\t\t\t\t\t\t\t\tLe chaton rejoindra votre foyer \u00e0 partir de\u00a03 mois. \u00c2ge auquel il sera compl\u00e8tement sevr\u00e9.\t\t\t\t\t\t\t\t<\/div>\n\t\t\t\t<\/div>\n\t\t\t\t<div class=\"elementor-element elementor-element-b1eadc3 elementor-widget elementor-widget-heading\" data-id=\"b1eadc3\" data-element_type=\"widget\" data-widget_type=\"heading.default\">\n\t\t\t\t<div class=\"elementor-widget-container\">\n\t\t\t\t\t<h3 class=\"elementor-heading-title elementor-size-default\">St\u00e9rilisation<\/h3>\t\t\t\t<\/div>\n\t\t\t\t<\/div>\n\t\t\t\t<div class=\"elementor-element elementor-element-a9f9efe elementor-widget elementor-widget-text-editor\" data-id=\"a9f9efe\" data-element_type=\"widget\" data-widget_type=\"text-editor.default\">\n\t\t\t\t<div class=\"elementor-widget-container\">\n\t\t\t\t\t\t\t\t\t<p>La st\u00e9rilisation du chaton sera \u00e0 votre charge.<\/p>\t\t\t\t\t\t\t\t<\/div>\n\t\t\t\t<\/div>\n\t\t\t\t\t<\/div>\n\t\t<\/div>\n\t\t\t\t\t<\/div>\n\t\t<\/section>\n\t\t\t\t<section class=\"elementor-section elementor-top-section elementor-element elementor-element-c75d70d elementor-section-boxed elementor-section-height-default elementor-section-height-default\" data-id=\"c75d70d\" data-element_type=\"section\">\n\t\t\t\t\t\t<div class=\"elementor-container elementor-column-gap-default\">\n\t\t\t\t\t<div class=\"elementor-column elementor-col-100 elementor-top-column elementor-element elementor-element-b992f81\" data-id=\"b992f81\" data-element_type=\"column\">\n\t\t\t<div class=\"elementor-widget-wrap elementor-element-populated\">\n\t\t\t\t\t\t<div class=\"elementor-element elementor-element-a91f5e7 elementor-widget elementor-widget-heading\" data-id=\"a91f5e7\" data-element_type=\"widget\" data-widget_type=\"heading.default\">\n\t\t\t\t<div class=\"elementor-widget-container\">\n\t\t\t\t\t<h1 class=\"elementor-heading-title elementor-size-default\">Proc\u00e9dure d'adoption<\/h1>\t\t\t\t<\/div>\n\t\t\t\t<\/div>\n\t\t\t\t<div class=\"elementor-element elementor-element-b8b7b77 elementor-widget-divider--view-line elementor-widget elementor-widget-divider\" data-id=\"b8b7b77\" data-element_type=\"widget\" data-widget_type=\"divider.default\">\n\t\t\t\t<div class=\"elementor-widget-container\">\n\t\t\t\t\t\t\t<div class=\"elementor-divider\">\n\t\t\t<span class=\"elementor-divider-separator\">\n\t\t\t\t\t\t<\/span>\n\t\t<\/div>\n\t\t\t\t\t\t<\/div>\n\t\t\t\t<\/div>\n\t\t\t\t\t<\/div>\n\t\t<\/div>\n\t\t\t\t\t<\/div>\n\t\t<\/section>\n\t\t\t\t<section class=\"elementor-section elementor-top-section elementor-element elementor-element-043f0c2 elementor-section-boxed elementor-section-height-default elementor-section-height-default\" data-id=\"043f0c2\" data-element_type=\"section\">\n\t\t\t\t\t\t<div class=\"elementor-container elementor-column-gap-default\">\n\t\t\t\t\t<div class=\"elementor-column elementor-col-50 elementor-top-column elementor-element elementor-element-d39ffc3\" data-id=\"d39ffc3\" data-element_type=\"column\">\n\t\t\t<div class=\"elementor-widget-wrap elementor-element-populated\">\n\t\t\t\t\t\t<div class=\"elementor-element elementor-element-82dad4c elementor-widget elementor-widget-heading\" data-id=\"82dad4c\" data-element_type=\"widget\" data-widget_type=\"heading.default\">\n\t\t\t\t<div class=\"elementor-widget-container\">\n\t\t\t\t\t<h3 class=\"elementor-heading-title elementor-size-default\">Choix du chaton<\/h3>\t\t\t\t<\/div>\n\t\t\t\t<\/div>\n\t\t\t\t<div class=\"elementor-element elementor-element-d76ea2b elementor-widget elementor-widget-text-editor\" data-id=\"d76ea2b\" data-element_type=\"widget\" data-widget_type=\"text-editor.default\">\n\t\t\t\t<div class=\"elementor-widget-container\">\n\t\t\t\t\t\t\t\t\tD\u00e9s qu&#8217;un chaton est disponible \u00e0 l&#8217;adoption, il est affich\u00e9 dans la rubrique <a style=\"text-decoration: none; color: #e4e4e4; letter-spacing: 1px;\" href=\"https:\/\/lmachatteriemazerienne.fr\/categorie-produit\/chatons\/\">chatons<\/a>\n\n<br>\n<br>\nUne fois r\u00e9serv\u00e9, la fiche du chaton sera mise \u00e0 jour dans notre catalogue.\t\t\t\t\t\t\t\t<\/div>\n\t\t\t\t<\/div>\n\t\t\t\t<div class=\"elementor-element elementor-element-aad8712 elementor-widget elementor-widget-heading\" data-id=\"aad8712\" data-element_type=\"widget\" data-widget_type=\"heading.default\">\n\t\t\t\t<div class=\"elementor-widget-container\">\n\t\t\t\t\t<h3 class=\"elementor-heading-title elementor-size-default\">Choix du chat<\/h3>\t\t\t\t<\/div>\n\t\t\t\t<\/div>\n\t\t\t\t<div class=\"elementor-element elementor-element-5cef150 elementor-widget elementor-widget-text-editor\" data-id=\"5cef150\" data-element_type=\"widget\" data-widget_type=\"text-editor.default\">\n\t\t\t\t<div class=\"elementor-widget-container\">\n\t\t\t\t\t\t\t\t\tLe Maine coon reste chaton jusqu&#8217;\u00e0 l&#8217;\u00e2ge 15 mois. Au del\u00e0, nos chatons passent dans la rubrique\u00a0<a href=\"https:\/\/machatteriemazerienne.fr\/categorie\/chats\/\">chat<\/a>.\n<br><\/br>\nNos reproducteurs &#8220;retrait\u00e9s&#8221; seront \u00e9galement dans la m\u00eame rubrique.\t\t\t\t\t\t\t\t<\/div>\n\t\t\t\t<\/div>\n\t\t\t\t\t<\/div>\n\t\t<\/div>\n\t\t\t\t<div class=\"elementor-column elementor-col-50 elementor-top-column elementor-element elementor-element-fa343ba\" data-id=\"fa343ba\" data-element_type=\"column\">\n\t\t\t<div class=\"elementor-widget-wrap elementor-element-populated\">\n\t\t\t\t\t\t<div class=\"elementor-element elementor-element-c609bad elementor-widget elementor-widget-heading\" data-id=\"c609bad\" data-element_type=\"widget\" data-widget_type=\"heading.default\">\n\t\t\t\t<div class=\"elementor-widget-container\">\n\t\t\t\t\t<h3 class=\"elementor-heading-title elementor-size-default\">R\u00e9servation<\/h3>\t\t\t\t<\/div>\n\t\t\t\t<\/div>\n\t\t\t\t<div class=\"elementor-element elementor-element-d3dc70d elementor-widget elementor-widget-text-editor\" data-id=\"d3dc70d\" data-element_type=\"widget\" data-widget_type=\"text-editor.default\">\n\t\t\t\t<div class=\"elementor-widget-container\">\n\t\t\t\t\t\t\t\t\tApr\u00e8s \u00e9change t\u00e9l\u00e9phonique, nous vous enverrons un contrat de r\u00e9servation \u00e0 signer. Vous pouvez renvoyer ce contrat par mail \u00e0 contact@machatteriemazerienne.com\n<br>\n<br>\nUne arrhes de 300 euros sera demand\u00e9e pour conclure la r\u00e9servation du chaton.\n<br>\n<br>\nLa vaccination (typhus, coryza, leucose) et le pu\u00e7age sont inclus dans le prix.\n<br>\n<br>\nLe futur propri\u00e9taire devra s&#8217;acquitter du reste de la somme, payable en 3 fois (esp\u00e8ce, ch\u00e8que ou virement).\n<br>\n<br>\nD\u00e8s que la derni\u00e8re \u00e9ch\u00e9ance sera honor\u00e9e, l&#8217;identification d\u00e9finitive et pedigree du chaton lui seront d\u00e9livr\u00e9s.\t\t\t\t\t\t\t\t<\/div>\n\t\t\t\t<\/div>\n\t\t\t\t\t<\/div>\n\t\t<\/div>\n\t\t\t\t\t<\/div>\n\t\t<\/section>\n\t\t\t\t<\/div>\n\t\t","protected":false},"excerpt":{"rendered":"<p>Conditions d&#8217;adoption Pour nos chatons, nous essayons de trouver les meilleures familles possibles. Si vous souhaitez\u00a0adopter un chaton maine coon\u00a0voici nos conditions d&#8217;adoption. Premi\u00e8re \u00e9tape : le contact Par t\u00e9l\u00e9phone au 07 37 73 57 24 ou via le formulaire de contact , nous vous demanderons les informations suivantes : Quel chaton vous int\u00e9resse. Une pr\u00e9sentation br\u00e8ve de vous (rythme de vie) et de votre environnement (animaux, enfants). Ces derniers&hellip;<\/p>\n","protected":false},"author":1,"featured_media":0,"parent":0,"menu_order":0,"comment_status":"closed","ping_status":"closed","template":"","meta":{"inline_featured_image":false,"footnotes":""},"class_list":["post-525","page","type-page","status-publish","hentry"],"yoast_head":"<!-- This site is optimized with the Yoast SEO plugin v24.7 - https:\/\/yoast.com\/wordpress\/plugins\/seo\/ -->\n<title>Conditions d&#039;adoption - Ma chatterie maz\u00e9rienne<\/title>\n<meta name=\"description\" content=\"Notre proc\u00e9dure et conditions d&#039;adoption des chatons maine coon . Une arrhe est demand\u00e9 pour r\u00e9server. Possibilit\u00e9 de payer en plusieurs fois.\" \/>\n<meta name=\"robots\" content=\"index, follow, max-snippet:-1, max-image-preview:large, max-video-preview:-1\" \/>\n<link rel=\"canonical\" href=\"https:\/\/charlenedechassat.fr\/maChatterieMazerienne\/adoption-chaton-mainecoon\/\" \/>\n<meta property=\"og:locale\" content=\"fr_FR\" \/>\n<meta property=\"og:type\" content=\"article\" \/>\n<meta property=\"og:title\" content=\"Conditions d&#039;adoption - Ma chatterie maz\u00e9rienne\" \/>\n<meta property=\"og:description\" content=\"Notre proc\u00e9dure et conditions d&#039;adoption des chatons maine coon . Une arrhe est demand\u00e9 pour r\u00e9server. Possibilit\u00e9 de payer en plusieurs fois.\" \/>\n<meta property=\"og:url\" content=\"https:\/\/charlenedechassat.fr\/maChatterieMazerienne\/adoption-chaton-mainecoon\/\" \/>\n<meta property=\"og:site_name\" content=\"Ma chatterie maz\u00e9rienne\" \/>\n<meta property=\"article:publisher\" content=\"https:\/\/www.facebook.com\/Ma-Chatterie-Mazrienne\/\" \/>\n<meta property=\"article:modified_time\" content=\"2025-03-23T22:54:37+00:00\" \/>\n<meta name=\"twitter:card\" content=\"summary_large_image\" \/>\n<meta name=\"twitter:label1\" content=\"Dur\u00e9e de lecture estim\u00e9e\" \/>\n\t<meta name=\"twitter:data1\" content=\"2 minutes\" \/>\n<script type=\"application\/ld+json\" class=\"yoast-schema-graph\">{\"@context\":\"https:\/\/schema.org\",\"@graph\":[{\"@type\":\"WebPage\",\"@id\":\"https:\/\/charlenedechassat.fr\/maChatterieMazerienne\/adoption-chaton-mainecoon\/\",\"url\":\"https:\/\/charlenedechassat.fr\/maChatterieMazerienne\/adoption-chaton-mainecoon\/\",\"name\":\"Conditions d'adoption - Ma chatterie maz\u00e9rienne\",\"isPartOf\":{\"@id\":\"https:\/\/charlenedechassat.fr\/maChatterieMazerienne\/#website\"},\"datePublished\":\"2022-03-16T22:34:07+00:00\",\"dateModified\":\"2025-03-23T22:54:37+00:00\",\"description\":\"Notre proc\u00e9dure et conditions d'adoption des chatons maine coon . Une arrhe est demand\u00e9 pour r\u00e9server. Possibilit\u00e9 de payer en plusieurs fois.\",\"breadcrumb\":{\"@id\":\"https:\/\/charlenedechassat.fr\/maChatterieMazerienne\/adoption-chaton-mainecoon\/#breadcrumb\"},\"inLanguage\":\"fr-FR\",\"potentialAction\":[{\"@type\":\"ReadAction\",\"target\":[\"https:\/\/charlenedechassat.fr\/maChatterieMazerienne\/adoption-chaton-mainecoon\/\"]}]},{\"@type\":\"BreadcrumbList\",\"@id\":\"https:\/\/charlenedechassat.fr\/maChatterieMazerienne\/adoption-chaton-mainecoon\/#breadcrumb\",\"itemListElement\":[{\"@type\":\"ListItem\",\"position\":1,\"name\":\"Accueil\",\"item\":\"https:\/\/charlenedechassat.fr\/maChatterieMazerienne\/\"},{\"@type\":\"ListItem\",\"position\":2,\"name\":\"Adoption\"}]},{\"@type\":\"WebSite\",\"@id\":\"https:\/\/charlenedechassat.fr\/maChatterieMazerienne\/#website\",\"url\":\"https:\/\/charlenedechassat.fr\/maChatterieMazerienne\/\",\"name\":\"Ma chatterie maz\u00e9rienne\",\"description\":\"\",\"publisher\":{\"@id\":\"https:\/\/charlenedechassat.fr\/maChatterieMazerienne\/#organization\"},\"potentialAction\":[{\"@type\":\"SearchAction\",\"target\":{\"@type\":\"EntryPoint\",\"urlTemplate\":\"https:\/\/charlenedechassat.fr\/maChatterieMazerienne\/?s={search_term_string}\"},\"query-input\":{\"@type\":\"PropertyValueSpecification\",\"valueRequired\":true,\"valueName\":\"search_term_string\"}}],\"inLanguage\":\"fr-FR\"},{\"@type\":\"Organization\",\"@id\":\"https:\/\/charlenedechassat.fr\/maChatterieMazerienne\/#organization\",\"name\":\"Ma chatterie maz\u00e9rienne\",\"url\":\"https:\/\/charlenedechassat.fr\/maChatterieMazerienne\/\",\"logo\":{\"@type\":\"ImageObject\",\"inLanguage\":\"fr-FR\",\"@id\":\"https:\/\/charlenedechassat.fr\/maChatterieMazerienne\/#\/schema\/logo\/image\/\",\"url\":\"https:\/\/charlenedechassat.fr\/maChatterieMazerienne\/wp-content\/uploads\/2022\/05\/ma-chatterie-mazerienne_logo_noir.png\",\"contentUrl\":\"https:\/\/charlenedechassat.fr\/maChatterieMazerienne\/wp-content\/uploads\/2022\/05\/ma-chatterie-mazerienne_logo_noir.png\",\"width\":512,\"height\":308,\"caption\":\"Ma chatterie maz\u00e9rienne\"},\"image\":{\"@id\":\"https:\/\/charlenedechassat.fr\/maChatterieMazerienne\/#\/schema\/logo\/image\/\"},\"sameAs\":[\"https:\/\/www.facebook.com\/Ma-Chatterie-Mazrienne\/\",\"https:\/\/www.instagram.com\/machatteriemazerienne\/\"]}]}<\/script>\n<!-- \/ Yoast SEO plugin. -->","yoast_head_json":{"title":"Conditions d'adoption - Ma chatterie maz\u00e9rienne","description":"Notre proc\u00e9dure et conditions d'adoption des chatons maine coon . Une arrhe est demand\u00e9 pour r\u00e9server. Possibilit\u00e9 de payer en plusieurs fois.","robots":{"index":"index","follow":"follow","max-snippet":"max-snippet:-1","max-image-preview":"max-image-preview:large","max-video-preview":"max-video-preview:-1"},"canonical":"https:\/\/charlenedechassat.fr\/maChatterieMazerienne\/adoption-chaton-mainecoon\/","og_locale":"fr_FR","og_type":"article","og_title":"Conditions d'adoption - Ma chatterie maz\u00e9rienne","og_description":"Notre proc\u00e9dure et conditions d'adoption des chatons maine coon . Une arrhe est demand\u00e9 pour r\u00e9server. Possibilit\u00e9 de payer en plusieurs fois.","og_url":"https:\/\/charlenedechassat.fr\/maChatterieMazerienne\/adoption-chaton-mainecoon\/","og_site_name":"Ma chatterie maz\u00e9rienne","article_publisher":"https:\/\/www.facebook.com\/Ma-Chatterie-Mazrienne\/","article_modified_time":"2025-03-23T22:54:37+00:00","twitter_card":"summary_large_image","twitter_misc":{"Dur\u00e9e de lecture estim\u00e9e":"2 minutes"},"schema":{"@context":"https:\/\/schema.org","@graph":[{"@type":"WebPage","@id":"https:\/\/charlenedechassat.fr\/maChatterieMazerienne\/adoption-chaton-mainecoon\/","url":"https:\/\/charlenedechassat.fr\/maChatterieMazerienne\/adoption-chaton-mainecoon\/","name":"Conditions d'adoption - Ma chatterie maz\u00e9rienne","isPartOf":{"@id":"https:\/\/charlenedechassat.fr\/maChatterieMazerienne\/#website"},"datePublished":"2022-03-16T22:34:07+00:00","dateModified":"2025-03-23T22:54:37+00:00","description":"Notre proc\u00e9dure et conditions d'adoption des chatons maine coon . Une arrhe est demand\u00e9 pour r\u00e9server. Possibilit\u00e9 de payer en plusieurs fois.","breadcrumb":{"@id":"https:\/\/charlenedechassat.fr\/maChatterieMazerienne\/adoption-chaton-mainecoon\/#breadcrumb"},"inLanguage":"fr-FR","potentialAction":[{"@type":"ReadAction","target":["https:\/\/charlenedechassat.fr\/maChatterieMazerienne\/adoption-chaton-mainecoon\/"]}]},{"@type":"BreadcrumbList","@id":"https:\/\/charlenedechassat.fr\/maChatterieMazerienne\/adoption-chaton-mainecoon\/#breadcrumb","itemListElement":[{"@type":"ListItem","position":1,"name":"Accueil","item":"https:\/\/charlenedechassat.fr\/maChatterieMazerienne\/"},{"@type":"ListItem","position":2,"name":"Adoption"}]},{"@type":"WebSite","@id":"https:\/\/charlenedechassat.fr\/maChatterieMazerienne\/#website","url":"https:\/\/charlenedechassat.fr\/maChatterieMazerienne\/","name":"Ma chatterie maz\u00e9rienne","description":"","publisher":{"@id":"https:\/\/charlenedechassat.fr\/maChatterieMazerienne\/#organization"},"potentialAction":[{"@type":"SearchAction","target":{"@type":"EntryPoint","urlTemplate":"https:\/\/charlenedechassat.fr\/maChatterieMazerienne\/?s={search_term_string}"},"query-input":{"@type":"PropertyValueSpecification","valueRequired":true,"valueName":"search_term_string"}}],"inLanguage":"fr-FR"},{"@type":"Organization","@id":"https:\/\/charlenedechassat.fr\/maChatterieMazerienne\/#organization","name":"Ma chatterie maz\u00e9rienne","url":"https:\/\/charlenedechassat.fr\/maChatterieMazerienne\/","logo":{"@type":"ImageObject","inLanguage":"fr-FR","@id":"https:\/\/charlenedechassat.fr\/maChatterieMazerienne\/#\/schema\/logo\/image\/","url":"https:\/\/charlenedechassat.fr\/maChatterieMazerienne\/wp-content\/uploads\/2022\/05\/ma-chatterie-mazerienne_logo_noir.png","contentUrl":"https:\/\/charlenedechassat.fr\/maChatterieMazerienne\/wp-content\/uploads\/2022\/05\/ma-chatterie-mazerienne_logo_noir.png","width":512,"height":308,"caption":"Ma chatterie maz\u00e9rienne"},"image":{"@id":"https:\/\/charlenedechassat.fr\/maChatterieMazerienne\/#\/schema\/logo\/image\/"},"sameAs":["https:\/\/www.facebook.com\/Ma-Chatterie-Mazrienne\/","https:\/\/www.instagram.com\/machatteriemazerienne\/"]}]}},"_links":{"self":[{"href":"https:\/\/charlenedechassat.fr\/maChatterieMazerienne\/wp-json\/wp\/v2\/pages\/525","targetHints":{"allow":["GET"]}}],"collection":[{"href":"https:\/\/charlenedechassat.fr\/maChatterieMazerienne\/wp-json\/wp\/v2\/pages"}],"about":[{"href":"https:\/\/charlenedechassat.fr\/maChatterieMazerienne\/wp-json\/wp\/v2\/types\/page"}],"author":[{"embeddable":true,"href":"https:\/\/charlenedechassat.fr\/maChatterieMazerienne\/wp-json\/wp\/v2\/users\/1"}],"replies":[{"embeddable":true,"href":"https:\/\/charlenedechassat.fr\/maChatterieMazerienne\/wp-json\/wp\/v2\/comments?post=525"}],"version-history":[{"count":475,"href":"https:\/\/charlenedechassat.fr\/maChatterieMazerienne\/wp-json\/wp\/v2\/pages\/525\/revisions"}],"predecessor-version":[{"id":5200,"href":"https:\/\/charlenedechassat.fr\/maChatterieMazerienne\/wp-json\/wp\/v2\/pages\/525\/revisions\/5200"}],"wp:attachment":[{"href":"https:\/\/charlenedechassat.fr\/maChatterieMazerienne\/wp-json\/wp\/v2\/media?parent=525"}],"curies":[{"name":"wp","href":"https:\/\/api.w.org\/{rel}","templated":true}]}}