{"id":473,"date":"2020-05-24T11:28:46","date_gmt":"2020-05-24T09:28:46","guid":{"rendered":"http:\/\/ownshopwp.spiraclethemes.com\/demo1\/?page_id=66"},"modified":"2025-03-21T23:53:26","modified_gmt":"2025-03-21T22:53:26","slug":"contacter-la-chatterie","status":"publish","type":"page","link":"https:\/\/charlenedechassat.fr\/maChatterieMazerienne\/contacter-la-chatterie\/","title":{"rendered":"Contact"},"content":{"rendered":"\t\t<div data-elementor-type=\"wp-page\" data-elementor-id=\"473\" class=\"elementor elementor-473\">\n\t\t\t\t\t\t<section class=\"elementor-section elementor-top-section elementor-element elementor-element-fa90323 elementor-section-boxed elementor-section-height-default elementor-section-height-default\" data-id=\"fa90323\" data-element_type=\"section\">\n\t\t\t\t\t\t<div class=\"elementor-container elementor-column-gap-default\">\n\t\t\t\t\t<div class=\"elementor-column elementor-col-100 elementor-top-column elementor-element elementor-element-5207b72\" data-id=\"5207b72\" data-element_type=\"column\">\n\t\t\t<div class=\"elementor-widget-wrap elementor-element-populated\">\n\t\t\t\t\t\t<div class=\"elementor-element elementor-element-85a0efe elementor-widget elementor-widget-heading\" data-id=\"85a0efe\" data-element_type=\"widget\" data-widget_type=\"heading.default\">\n\t\t\t\t<div class=\"elementor-widget-container\">\n\t\t\t\t\t<h2 class=\"elementor-heading-title elementor-size-default\">Comment contacter la chatterie?<\/h2>\t\t\t\t<\/div>\n\t\t\t\t<\/div>\n\t\t\t\t<div class=\"elementor-element elementor-element-6b5ac7a elementor-widget-divider--view-line elementor-widget elementor-widget-divider\" data-id=\"6b5ac7a\" data-element_type=\"widget\" data-widget_type=\"divider.default\">\n\t\t\t\t<div class=\"elementor-widget-container\">\n\t\t\t\t\t\t\t<div class=\"elementor-divider\">\n\t\t\t<span class=\"elementor-divider-separator\">\n\t\t\t\t\t\t<\/span>\n\t\t<\/div>\n\t\t\t\t\t\t<\/div>\n\t\t\t\t<\/div>\n\t\t\t\t<div class=\"elementor-element elementor-element-547ff15 elementor-widget elementor-widget-text-editor\" data-id=\"547ff15\" data-element_type=\"widget\" data-widget_type=\"text-editor.default\">\n\t\t\t\t<div class=\"elementor-widget-container\">\n\t\t\t\t\t\t\t\t\t<p>Vous souhaitez adopter un <strong>chaton<\/strong> ou un <strong>chat<\/strong> ? Vous voulez louer un de nos <strong>reproducteur<\/strong> pour une saillie ? Ou vous avez simplement une question ?&nbsp;<\/p>\t\t\t\t\t\t\t\t<\/div>\n\t\t\t\t<\/div>\n\t\t\t\t\t<\/div>\n\t\t<\/div>\n\t\t\t\t\t<\/div>\n\t\t<\/section>\n\t\t\t\t<section class=\"elementor-section elementor-top-section elementor-element elementor-element-3d5d23c elementor-section-boxed elementor-section-height-default elementor-section-height-default\" data-id=\"3d5d23c\" data-element_type=\"section\">\n\t\t\t\t\t\t<div class=\"elementor-container elementor-column-gap-default\">\n\t\t\t\t\t<div class=\"elementor-column elementor-col-100 elementor-top-column elementor-element elementor-element-3679487\" data-id=\"3679487\" data-element_type=\"column\" data-settings=\"{&quot;background_background&quot;:&quot;classic&quot;}\">\n\t\t\t<div class=\"elementor-widget-wrap elementor-element-populated\">\n\t\t\t\t\t\t<div class=\"elementor-element elementor-element-49fcf89 elementor-widget elementor-widget-heading\" data-id=\"49fcf89\" data-element_type=\"widget\" data-widget_type=\"heading.default\">\n\t\t\t\t<div class=\"elementor-widget-container\">\n\t\t\t\t\t<h2 class=\"elementor-heading-title elementor-size-large\">R\u00e9servants <\/h2>\t\t\t\t<\/div>\n\t\t\t\t<\/div>\n\t\t\t\t<div class=\"elementor-element elementor-element-91773b4 elementor-widget-divider--view-line elementor-widget elementor-widget-divider\" data-id=\"91773b4\" data-element_type=\"widget\" data-widget_type=\"divider.default\">\n\t\t\t\t<div class=\"elementor-widget-container\">\n\t\t\t\t\t\t\t<div class=\"elementor-divider\">\n\t\t\t<span class=\"elementor-divider-separator\">\n\t\t\t\t\t\t<\/span>\n\t\t<\/div>\n\t\t\t\t\t\t<\/div>\n\t\t\t\t<\/div>\n\t\t\t\t<div class=\"elementor-element elementor-element-f9cb7b2 elementor-widget elementor-widget-text-editor\" data-id=\"f9cb7b2\" data-element_type=\"widget\" data-widget_type=\"text-editor.default\">\n\t\t\t\t<div class=\"elementor-widget-container\">\n\t\t\t\t\t\t\t\t\t<p>Une fois la r\u00e9servation confirm\u00e9e, nous vous proposons de prendre un ou plusieurs rendez-vous afin d&#8217;avoir des nouvelles de votre chaton en visio via messenger ou whatsapp.<\/p>\t\t\t\t\t\t\t\t<\/div>\n\t\t\t\t<\/div>\n\t\t\t\t<div class=\"elementor-element elementor-element-bd105c4 elementor-tablet-align-left elementor-mobile-align-center elementor-list-item-link-inline elementor-icon-list--layout-traditional elementor-widget elementor-widget-icon-list\" data-id=\"bd105c4\" data-element_type=\"widget\" data-widget_type=\"icon-list.default\">\n\t\t\t\t<div class=\"elementor-widget-container\">\n\t\t\t\t\t\t\t<ul class=\"elementor-icon-list-items\">\n\t\t\t\t\t\t\t<li class=\"elementor-icon-list-item\">\n\t\t\t\t\t\t\t\t\t\t\t<a href=\"https:\/\/www.facebook.com\/Ma-Chatterie-Maz\u00e9rienne-106168385391897\">\n\n\t\t\t\t\t\t\t\t\t\t\t\t<span class=\"elementor-icon-list-icon\">\n\t\t\t\t\t\t\t<i aria-hidden=\"true\" class=\"fab fa-facebook-messenger\"><\/i>\t\t\t\t\t\t<\/span>\n\t\t\t\t\t\t\t\t\t\t<span class=\"elementor-icon-list-text\">Messenger<\/span>\n\t\t\t\t\t\t\t\t\t\t\t<\/a>\n\t\t\t\t\t\t\t\t\t<\/li>\n\t\t\t\t\t\t\t\t<li class=\"elementor-icon-list-item\">\n\t\t\t\t\t\t\t\t\t\t\t<span class=\"elementor-icon-list-icon\">\n\t\t\t\t\t\t\t<i aria-hidden=\"true\" class=\"fab fa-whatsapp\"><\/i>\t\t\t\t\t\t<\/span>\n\t\t\t\t\t\t\t\t\t\t<span class=\"elementor-icon-list-text\">+33 6 37 73 57 24<\/span>\n\t\t\t\t\t\t\t\t\t<\/li>\n\t\t\t\t\t\t<\/ul>\n\t\t\t\t\t\t<\/div>\n\t\t\t\t<\/div>\n\t\t\t\t\t<\/div>\n\t\t<\/div>\n\t\t\t\t\t<\/div>\n\t\t<\/section>\n\t\t\t\t<section class=\"elementor-section elementor-top-section elementor-element elementor-element-76376ab elementor-section-boxed elementor-section-height-default elementor-section-height-default\" data-id=\"76376ab\" data-element_type=\"section\">\n\t\t\t\t\t\t<div class=\"elementor-container elementor-column-gap-default\">\n\t\t\t\t\t<div class=\"elementor-column elementor-col-50 elementor-top-column elementor-element elementor-element-c15c07b\" data-id=\"c15c07b\" data-element_type=\"column\" data-settings=\"{&quot;background_background&quot;:&quot;classic&quot;}\">\n\t\t\t<div class=\"elementor-widget-wrap elementor-element-populated\">\n\t\t\t\t\t\t<div class=\"elementor-element elementor-element-de3778f elementor-widget elementor-widget-heading\" data-id=\"de3778f\" data-element_type=\"widget\" data-widget_type=\"heading.default\">\n\t\t\t\t<div class=\"elementor-widget-container\">\n\t\t\t\t\t<h2 class=\"elementor-heading-title elementor-size-default\">Nos coordonn\u00e9es<\/h2>\t\t\t\t<\/div>\n\t\t\t\t<\/div>\n\t\t\t\t<div class=\"elementor-element elementor-element-f649f52 elementor-widget-divider--view-line elementor-widget elementor-widget-divider\" data-id=\"f649f52\" data-element_type=\"widget\" data-widget_type=\"divider.default\">\n\t\t\t\t<div class=\"elementor-widget-container\">\n\t\t\t\t\t\t\t<div class=\"elementor-divider\">\n\t\t\t<span class=\"elementor-divider-separator\">\n\t\t\t\t\t\t<\/span>\n\t\t<\/div>\n\t\t\t\t\t\t<\/div>\n\t\t\t\t<\/div>\n\t\t\t\t<div class=\"elementor-element elementor-element-9cf9e5c elementor-tablet-align-left elementor-mobile-align-center elementor-icon-list--layout-traditional elementor-list-item-link-full_width elementor-widget elementor-widget-icon-list\" data-id=\"9cf9e5c\" data-element_type=\"widget\" data-widget_type=\"icon-list.default\">\n\t\t\t\t<div class=\"elementor-widget-container\">\n\t\t\t\t\t\t\t<ul class=\"elementor-icon-list-items\">\n\t\t\t\t\t\t\t<li class=\"elementor-icon-list-item\">\n\t\t\t\t\t\t\t\t\t\t\t<span class=\"elementor-icon-list-icon\">\n\t\t\t\t\t\t\t<i aria-hidden=\"true\" class=\"far fa-envelope\"><\/i>\t\t\t\t\t\t<\/span>\n\t\t\t\t\t\t\t\t\t\t<span class=\"elementor-icon-list-text\">contact@machatteriemazerienne.fr<\/span>\n\t\t\t\t\t\t\t\t\t<\/li>\n\t\t\t\t\t\t\t\t<li class=\"elementor-icon-list-item\">\n\t\t\t\t\t\t\t\t\t\t\t<span class=\"elementor-icon-list-icon\">\n\t\t\t\t\t\t\t<i aria-hidden=\"true\" class=\"fas fa-phone-alt\"><\/i>\t\t\t\t\t\t<\/span>\n\t\t\t\t\t\t\t\t\t\t<span class=\"elementor-icon-list-text\">+33 6 37 73 57 24 <\/span>\n\t\t\t\t\t\t\t\t\t<\/li>\n\t\t\t\t\t\t<\/ul>\n\t\t\t\t\t\t<\/div>\n\t\t\t\t<\/div>\n\t\t\t\t<div class=\"elementor-element elementor-element-71159db elementor-widget elementor-widget-heading\" data-id=\"71159db\" data-element_type=\"widget\" data-widget_type=\"heading.default\">\n\t\t\t\t<div class=\"elementor-widget-container\">\n\t\t\t\t\t<span class=\"elementor-heading-title elementor-size-default\">Ou<\/span>\t\t\t\t<\/div>\n\t\t\t\t<\/div>\n\t\t\t\t<div class=\"elementor-element elementor-element-14e5a31 elementor-widget elementor-widget-heading\" data-id=\"14e5a31\" data-element_type=\"widget\" data-widget_type=\"heading.default\">\n\t\t\t\t<div class=\"elementor-widget-container\">\n\t\t\t\t\t<span class=\"elementor-heading-title elementor-size-default\">Directement en ligne<\/span>\t\t\t\t<\/div>\n\t\t\t\t<\/div>\n\t\t\t\t<div class=\"elementor-element elementor-element-581da5e elementor-widget-divider--view-line elementor-widget elementor-widget-divider\" data-id=\"581da5e\" data-element_type=\"widget\" data-widget_type=\"divider.default\">\n\t\t\t\t<div class=\"elementor-widget-container\">\n\t\t\t\t\t\t\t<div class=\"elementor-divider\">\n\t\t\t<span class=\"elementor-divider-separator\">\n\t\t\t\t\t\t<\/span>\n\t\t<\/div>\n\t\t\t\t\t\t<\/div>\n\t\t\t\t<\/div>\n\t\t\t\t<div class=\"elementor-element elementor-element-234669c elementor-widget elementor-widget-text-editor\" data-id=\"234669c\" data-element_type=\"widget\" data-widget_type=\"text-editor.default\">\n\t\t\t\t<div class=\"elementor-widget-container\">\n\t\t\t\t\t\t\t\t\t<p>* Champs obligatoires<\/p>\t\t\t\t\t\t\t\t<\/div>\n\t\t\t\t<\/div>\n\t\t\t\t<div class=\"elementor-element elementor-element-dd2d23a elementor-tablet-button-align-stretch elementor-mobile-button-align-stretch elementor-button-align-stretch elementor-widget elementor-widget-form\" data-id=\"dd2d23a\" data-element_type=\"widget\" data-settings=\"{&quot;button_width_tablet&quot;:&quot;20&quot;,&quot;step_next_label&quot;:&quot;SUIVANT&quot;,&quot;step_previous_label&quot;:&quot;PR\\u00c9C\\u00c9DENT&quot;,&quot;step_type&quot;:&quot;progress_bar&quot;,&quot;button_width&quot;:&quot;100&quot;}\" data-widget_type=\"form.default\">\n\t\t\t\t<div class=\"elementor-widget-container\">\n\t\t\t\t\t\t\t<form class=\"elementor-form\" method=\"post\" name=\"New Form\">\n\t\t\t<input type=\"hidden\" name=\"post_id\" value=\"473\"\/>\n\t\t\t<input type=\"hidden\" name=\"form_id\" value=\"dd2d23a\"\/>\n\t\t\t<input type=\"hidden\" name=\"referer_title\" value=\"Ma chatterie maz\u00e9rienne\" \/>\n\n\t\t\t\n\t\t\t<div class=\"elementor-form-fields-wrapper elementor-labels-above\">\n\t\t\t\t\t\t\t\t<div class=\"elementor-field-type-text elementor-field-group elementor-column elementor-field-group-name elementor-col-100 elementor-md-20 elementor-field-required elementor-mark-required\">\n\t\t\t\t\t\t\t\t\t\t\t\t<label for=\"form-field-name\" class=\"elementor-field-label\">\n\t\t\t\t\t\t\t\tPr\u00e9nom\t\t\t\t\t\t\t<\/label>\n\t\t\t\t\t\t\t\t\t\t\t\t\t\t<input size=\"1\" type=\"text\" name=\"form_fields[name]\" id=\"form-field-name\" class=\"elementor-field elementor-size-sm  elementor-field-textual\" required=\"required\" aria-required=\"true\">\n\t\t\t\t\t\t\t\t\t\t\t<\/div>\n\t\t\t\t\t\t\t\t<div class=\"elementor-field-type-email elementor-field-group elementor-column elementor-field-group-email elementor-col-100 elementor-md-100 elementor-field-required elementor-mark-required\">\n\t\t\t\t\t\t\t\t\t\t\t\t<label for=\"form-field-email\" class=\"elementor-field-label\">\n\t\t\t\t\t\t\t\tE mail\t\t\t\t\t\t\t<\/label>\n\t\t\t\t\t\t\t\t\t\t\t\t\t\t<input size=\"1\" type=\"email\" name=\"form_fields[email]\" id=\"form-field-email\" class=\"elementor-field elementor-size-sm  elementor-field-textual\" required=\"required\" aria-required=\"true\">\n\t\t\t\t\t\t\t\t\t\t\t<\/div>\n\t\t\t\t\t\t\t\t<div class=\"elementor-field-type-select elementor-field-group elementor-column elementor-field-group-field_035b0db elementor-col-100 elementor-md-100 elementor-field-required elementor-mark-required\">\n\t\t\t\t\t\t\t\t\t\t\t\t<label for=\"form-field-field_035b0db\" class=\"elementor-field-label\">\n\t\t\t\t\t\t\t\tSujet\t\t\t\t\t\t\t<\/label>\n\t\t\t\t\t\t\t\t<div class=\"elementor-field elementor-select-wrapper \">\n\t\t\t<select name=\"form_fields[field_035b0db]\" id=\"form-field-field_035b0db\" class=\"elementor-field-textual elementor-size-sm\" required=\"required\" aria-required=\"true\">\n\t\t\t\t\t\t\t\t\t<option value=\"\">Adopter un chaton <\/option>\n\t\t\t\t\t\t\t\t\t<option value=\"\">Adopter un chat<\/option>\n\t\t\t\t\t\t\t\t\t<option value=\"\">Reproducteur pour saillie<\/option>\n\t\t\t\t\t\t\t\t\t<option value=\"\">Question<\/option>\n\t\t\t\t\t\t\t<\/select>\n\t\t<\/div>\n\t\t\t\t\t\t<\/div>\n\t\t\t\t\t\t\t\t<div class=\"elementor-field-type-textarea elementor-field-group elementor-column elementor-field-group-message elementor-col-100 elementor-md-100 elementor-field-required elementor-mark-required\">\n\t\t\t\t\t\t\t\t\t\t\t\t<label for=\"form-field-message\" class=\"elementor-field-label\">\n\t\t\t\t\t\t\t\tMessage\t\t\t\t\t\t\t<\/label>\n\t\t\t\t\t\t<textarea class=\"elementor-field-textual elementor-field  elementor-size-sm\" name=\"form_fields[message]\" id=\"form-field-message\" rows=\"5\" required=\"required\" aria-required=\"true\"><\/textarea>\t\t\t\t<\/div>\n\t\t\t\t\t\t\t\t<div class=\"elementor-field-type-recaptcha_v3 elementor-field-group elementor-column elementor-field-group-field_c83df7d elementor-col-100 recaptcha_v3-inline\">\n\t\t\t\t\t<div class=\"elementor-field\" id=\"form-field-field_c83df7d\"><div class=\"elementor-g-recaptcha\" data-sitekey=\"6Ld8WeofAAAAALBdgjP2pUT8WcF4l4uiwLP2NMVG\" data-type=\"v3\" data-action=\"Form\" data-badge=\"inline\" data-size=\"invisible\"><\/div><\/div>\t\t\t\t<\/div>\n\t\t\t\t\t\t\t\t<div class=\"elementor-field-group elementor-column elementor-field-type-submit elementor-col-100 e-form__buttons elementor-md-20\">\n\t\t\t\t\t<button type=\"submit\" class=\"elementor-button elementor-size-md\">\n\t\t\t\t\t\t<span >\n\t\t\t\t\t\t\t\t\t\t\t\t\t\t\t<span class=\"elementor-align-icon-right elementor-button-icon\">\n\t\t\t\t\t\t\t\t\t<i aria-hidden=\"true\" class=\"fas fa-arrow-right\"><\/i>\t\t\t\t\t\t\t\t\t\t\t\t\t\t\t\t\t<\/span>\n\t\t\t\t\t\t\t\t\t\t\t\t\t\t\t\t\t\t\t\t\t\t<span class=\"elementor-button-text\">ENVOYER<\/span>\n\t\t\t\t\t\t\t\t\t\t\t\t\t<\/span>\n\t\t\t\t\t<\/button>\n\t\t\t\t<\/div>\n\t\t\t<\/div>\n\t\t<\/form>\n\t\t\t\t\t\t<\/div>\n\t\t\t\t<\/div>\n\t\t\t\t\t<\/div>\n\t\t<\/div>\n\t\t\t\t<div class=\"elementor-column elementor-col-50 elementor-top-column elementor-element elementor-element-575a1b2\" data-id=\"575a1b2\" data-element_type=\"column\">\n\t\t\t<div class=\"elementor-widget-wrap elementor-element-populated\">\n\t\t\t\t\t\t<div class=\"elementor-element elementor-element-2c03e7a elementor-widget elementor-widget-google_maps\" data-id=\"2c03e7a\" data-element_type=\"widget\" data-widget_type=\"google_maps.default\">\n\t\t\t\t<div class=\"elementor-widget-container\">\n\t\t\t\t\t\t\t<div class=\"elementor-custom-embed\">\n\t\t\t<iframe loading=\"lazy\"\n\t\t\t\t\tsrc=\"https:\/\/maps.google.com\/maps?q=maz%C3%A8res&#038;t=m&#038;z=12&#038;output=embed&#038;iwloc=near\"\n\t\t\t\t\ttitle=\"maz\u00e8res\"\n\t\t\t\t\taria-label=\"maz\u00e8res\"\n\t\t\t><\/iframe>\n\t\t<\/div>\n\t\t\t\t\t\t<\/div>\n\t\t\t\t<\/div>\n\t\t\t\t\t<\/div>\n\t\t<\/div>\n\t\t\t\t\t<\/div>\n\t\t<\/section>\n\t\t\t\t<\/div>\n\t\t","protected":false},"excerpt":{"rendered":"<p>Comment contacter la chatterie? Vous souhaitez adopter un chaton ou un chat ? Vous voulez louer un de nos reproducteur pour une saillie ? Ou vous avez simplement une question ?&nbsp; R\u00e9servants Une fois la r\u00e9servation confirm\u00e9e, nous vous proposons de prendre un ou plusieurs rendez-vous afin d&#8217;avoir des nouvelles de votre chaton en visio via messenger ou whatsapp. Messenger +33 6 37 73 57 24 Nos coordonn\u00e9es contact@machatteriemazerienne.fr +33&hellip;<\/p>\n","protected":false},"author":1,"featured_media":0,"parent":0,"menu_order":0,"comment_status":"closed","ping_status":"closed","template":"","meta":{"inline_featured_image":false,"footnotes":""},"class_list":["post-473","page","type-page","status-publish","hentry"],"yoast_head":"<!-- This site is optimized with the Yoast SEO plugin v24.7 - https:\/\/yoast.com\/wordpress\/plugins\/seo\/ -->\n<title>Contacter la chatterie- Ma chatterie maz\u00e9rienne<\/title>\n<meta name=\"description\" content=\"Contacter la chatterie? Par t\u00e9l\u00e9phone au 09 37 73 57 24 du lundi au vendredi, de 9h \u00e0 18h. Nous sommes \u00e0 Maz\u00e9res dans l&#039;Ari\u00e8ge.\" \/>\n<meta name=\"robots\" content=\"index, follow, max-snippet:-1, max-image-preview:large, max-video-preview:-1\" \/>\n<link rel=\"canonical\" href=\"https:\/\/charlenedechassat.fr\/maChatterieMazerienne\/contacter-la-chatterie\/\" \/>\n<meta property=\"og:locale\" content=\"fr_FR\" \/>\n<meta property=\"og:type\" content=\"article\" \/>\n<meta property=\"og:title\" content=\"Contacter la chatterie- Ma chatterie maz\u00e9rienne\" \/>\n<meta property=\"og:description\" content=\"Contacter la chatterie? Par t\u00e9l\u00e9phone au 09 37 73 57 24 du lundi au vendredi, de 9h \u00e0 18h. Nous sommes \u00e0 Maz\u00e9res dans l&#039;Ari\u00e8ge.\" \/>\n<meta property=\"og:url\" content=\"https:\/\/charlenedechassat.fr\/maChatterieMazerienne\/contacter-la-chatterie\/\" \/>\n<meta property=\"og:site_name\" content=\"Ma chatterie maz\u00e9rienne\" \/>\n<meta property=\"article:publisher\" content=\"https:\/\/www.facebook.com\/Ma-Chatterie-Mazrienne\/\" \/>\n<meta property=\"article:modified_time\" content=\"2025-03-21T22:53:26+00:00\" \/>\n<meta name=\"twitter:card\" content=\"summary_large_image\" \/>\n<meta name=\"twitter:label1\" content=\"Dur\u00e9e de lecture estim\u00e9e\" \/>\n\t<meta name=\"twitter:data1\" content=\"1 minute\" \/>\n<script type=\"application\/ld+json\" class=\"yoast-schema-graph\">{\"@context\":\"https:\/\/schema.org\",\"@graph\":[{\"@type\":\"WebPage\",\"@id\":\"https:\/\/charlenedechassat.fr\/maChatterieMazerienne\/contacter-la-chatterie\/\",\"url\":\"https:\/\/charlenedechassat.fr\/maChatterieMazerienne\/contacter-la-chatterie\/\",\"name\":\"Contacter la chatterie- Ma chatterie maz\u00e9rienne\",\"isPartOf\":{\"@id\":\"https:\/\/charlenedechassat.fr\/maChatterieMazerienne\/#website\"},\"datePublished\":\"2020-05-24T09:28:46+00:00\",\"dateModified\":\"2025-03-21T22:53:26+00:00\",\"description\":\"Contacter la chatterie? Par t\u00e9l\u00e9phone au 09 37 73 57 24 du lundi au vendredi, de 9h \u00e0 18h. Nous sommes \u00e0 Maz\u00e9res dans l'Ari\u00e8ge.\",\"breadcrumb\":{\"@id\":\"https:\/\/charlenedechassat.fr\/maChatterieMazerienne\/contacter-la-chatterie\/#breadcrumb\"},\"inLanguage\":\"fr-FR\",\"potentialAction\":[{\"@type\":\"ReadAction\",\"target\":[\"https:\/\/charlenedechassat.fr\/maChatterieMazerienne\/contacter-la-chatterie\/\"]}]},{\"@type\":\"BreadcrumbList\",\"@id\":\"https:\/\/charlenedechassat.fr\/maChatterieMazerienne\/contacter-la-chatterie\/#breadcrumb\",\"itemListElement\":[{\"@type\":\"ListItem\",\"position\":1,\"name\":\"Accueil\",\"item\":\"https:\/\/charlenedechassat.fr\/maChatterieMazerienne\/\"},{\"@type\":\"ListItem\",\"position\":2,\"name\":\"Contact\"}]},{\"@type\":\"WebSite\",\"@id\":\"https:\/\/charlenedechassat.fr\/maChatterieMazerienne\/#website\",\"url\":\"https:\/\/charlenedechassat.fr\/maChatterieMazerienne\/\",\"name\":\"Ma chatterie maz\u00e9rienne\",\"description\":\"\",\"publisher\":{\"@id\":\"https:\/\/charlenedechassat.fr\/maChatterieMazerienne\/#organization\"},\"potentialAction\":[{\"@type\":\"SearchAction\",\"target\":{\"@type\":\"EntryPoint\",\"urlTemplate\":\"https:\/\/charlenedechassat.fr\/maChatterieMazerienne\/?s={search_term_string}\"},\"query-input\":{\"@type\":\"PropertyValueSpecification\",\"valueRequired\":true,\"valueName\":\"search_term_string\"}}],\"inLanguage\":\"fr-FR\"},{\"@type\":\"Organization\",\"@id\":\"https:\/\/charlenedechassat.fr\/maChatterieMazerienne\/#organization\",\"name\":\"Ma chatterie maz\u00e9rienne\",\"url\":\"https:\/\/charlenedechassat.fr\/maChatterieMazerienne\/\",\"logo\":{\"@type\":\"ImageObject\",\"inLanguage\":\"fr-FR\",\"@id\":\"https:\/\/charlenedechassat.fr\/maChatterieMazerienne\/#\/schema\/logo\/image\/\",\"url\":\"https:\/\/charlenedechassat.fr\/maChatterieMazerienne\/wp-content\/uploads\/2022\/05\/ma-chatterie-mazerienne_logo_noir.png\",\"contentUrl\":\"https:\/\/charlenedechassat.fr\/maChatterieMazerienne\/wp-content\/uploads\/2022\/05\/ma-chatterie-mazerienne_logo_noir.png\",\"width\":512,\"height\":308,\"caption\":\"Ma chatterie maz\u00e9rienne\"},\"image\":{\"@id\":\"https:\/\/charlenedechassat.fr\/maChatterieMazerienne\/#\/schema\/logo\/image\/\"},\"sameAs\":[\"https:\/\/www.facebook.com\/Ma-Chatterie-Mazrienne\/\",\"https:\/\/www.instagram.com\/machatteriemazerienne\/\"]}]}<\/script>\n<!-- \/ Yoast SEO plugin. -->","yoast_head_json":{"title":"Contacter la chatterie- Ma chatterie maz\u00e9rienne","description":"Contacter la chatterie? Par t\u00e9l\u00e9phone au 09 37 73 57 24 du lundi au vendredi, de 9h \u00e0 18h. Nous sommes \u00e0 Maz\u00e9res dans l'Ari\u00e8ge.","robots":{"index":"index","follow":"follow","max-snippet":"max-snippet:-1","max-image-preview":"max-image-preview:large","max-video-preview":"max-video-preview:-1"},"canonical":"https:\/\/charlenedechassat.fr\/maChatterieMazerienne\/contacter-la-chatterie\/","og_locale":"fr_FR","og_type":"article","og_title":"Contacter la chatterie- Ma chatterie maz\u00e9rienne","og_description":"Contacter la chatterie? Par t\u00e9l\u00e9phone au 09 37 73 57 24 du lundi au vendredi, de 9h \u00e0 18h. Nous sommes \u00e0 Maz\u00e9res dans l'Ari\u00e8ge.","og_url":"https:\/\/charlenedechassat.fr\/maChatterieMazerienne\/contacter-la-chatterie\/","og_site_name":"Ma chatterie maz\u00e9rienne","article_publisher":"https:\/\/www.facebook.com\/Ma-Chatterie-Mazrienne\/","article_modified_time":"2025-03-21T22:53:26+00:00","twitter_card":"summary_large_image","twitter_misc":{"Dur\u00e9e de lecture estim\u00e9e":"1 minute"},"schema":{"@context":"https:\/\/schema.org","@graph":[{"@type":"WebPage","@id":"https:\/\/charlenedechassat.fr\/maChatterieMazerienne\/contacter-la-chatterie\/","url":"https:\/\/charlenedechassat.fr\/maChatterieMazerienne\/contacter-la-chatterie\/","name":"Contacter la chatterie- Ma chatterie maz\u00e9rienne","isPartOf":{"@id":"https:\/\/charlenedechassat.fr\/maChatterieMazerienne\/#website"},"datePublished":"2020-05-24T09:28:46+00:00","dateModified":"2025-03-21T22:53:26+00:00","description":"Contacter la chatterie? Par t\u00e9l\u00e9phone au 09 37 73 57 24 du lundi au vendredi, de 9h \u00e0 18h. Nous sommes \u00e0 Maz\u00e9res dans l'Ari\u00e8ge.","breadcrumb":{"@id":"https:\/\/charlenedechassat.fr\/maChatterieMazerienne\/contacter-la-chatterie\/#breadcrumb"},"inLanguage":"fr-FR","potentialAction":[{"@type":"ReadAction","target":["https:\/\/charlenedechassat.fr\/maChatterieMazerienne\/contacter-la-chatterie\/"]}]},{"@type":"BreadcrumbList","@id":"https:\/\/charlenedechassat.fr\/maChatterieMazerienne\/contacter-la-chatterie\/#breadcrumb","itemListElement":[{"@type":"ListItem","position":1,"name":"Accueil","item":"https:\/\/charlenedechassat.fr\/maChatterieMazerienne\/"},{"@type":"ListItem","position":2,"name":"Contact"}]},{"@type":"WebSite","@id":"https:\/\/charlenedechassat.fr\/maChatterieMazerienne\/#website","url":"https:\/\/charlenedechassat.fr\/maChatterieMazerienne\/","name":"Ma chatterie maz\u00e9rienne","description":"","publisher":{"@id":"https:\/\/charlenedechassat.fr\/maChatterieMazerienne\/#organization"},"potentialAction":[{"@type":"SearchAction","target":{"@type":"EntryPoint","urlTemplate":"https:\/\/charlenedechassat.fr\/maChatterieMazerienne\/?s={search_term_string}"},"query-input":{"@type":"PropertyValueSpecification","valueRequired":true,"valueName":"search_term_string"}}],"inLanguage":"fr-FR"},{"@type":"Organization","@id":"https:\/\/charlenedechassat.fr\/maChatterieMazerienne\/#organization","name":"Ma chatterie maz\u00e9rienne","url":"https:\/\/charlenedechassat.fr\/maChatterieMazerienne\/","logo":{"@type":"ImageObject","inLanguage":"fr-FR","@id":"https:\/\/charlenedechassat.fr\/maChatterieMazerienne\/#\/schema\/logo\/image\/","url":"https:\/\/charlenedechassat.fr\/maChatterieMazerienne\/wp-content\/uploads\/2022\/05\/ma-chatterie-mazerienne_logo_noir.png","contentUrl":"https:\/\/charlenedechassat.fr\/maChatterieMazerienne\/wp-content\/uploads\/2022\/05\/ma-chatterie-mazerienne_logo_noir.png","width":512,"height":308,"caption":"Ma chatterie maz\u00e9rienne"},"image":{"@id":"https:\/\/charlenedechassat.fr\/maChatterieMazerienne\/#\/schema\/logo\/image\/"},"sameAs":["https:\/\/www.facebook.com\/Ma-Chatterie-Mazrienne\/","https:\/\/www.instagram.com\/machatteriemazerienne\/"]}]}},"_links":{"self":[{"href":"https:\/\/charlenedechassat.fr\/maChatterieMazerienne\/wp-json\/wp\/v2\/pages\/473","targetHints":{"allow":["GET"]}}],"collection":[{"href":"https:\/\/charlenedechassat.fr\/maChatterieMazerienne\/wp-json\/wp\/v2\/pages"}],"about":[{"href":"https:\/\/charlenedechassat.fr\/maChatterieMazerienne\/wp-json\/wp\/v2\/types\/page"}],"author":[{"embeddable":true,"href":"https:\/\/charlenedechassat.fr\/maChatterieMazerienne\/wp-json\/wp\/v2\/users\/1"}],"replies":[{"embeddable":true,"href":"https:\/\/charlenedechassat.fr\/maChatterieMazerienne\/wp-json\/wp\/v2\/comments?post=473"}],"version-history":[{"count":212,"href":"https:\/\/charlenedechassat.fr\/maChatterieMazerienne\/wp-json\/wp\/v2\/pages\/473\/revisions"}],"predecessor-version":[{"id":4710,"href":"https:\/\/charlenedechassat.fr\/maChatterieMazerienne\/wp-json\/wp\/v2\/pages\/473\/revisions\/4710"}],"wp:attachment":[{"href":"https:\/\/charlenedechassat.fr\/maChatterieMazerienne\/wp-json\/wp\/v2\/media?parent=473"}],"curies":[{"name":"wp","href":"https:\/\/api.w.org\/{rel}","templated":true}]}}