{"id":2544,"date":"2022-04-25T22:08:58","date_gmt":"2022-04-25T20:08:58","guid":{"rendered":"http:\/\/localhost\/wordpress\/?page_id=2544"},"modified":"2022-05-18T01:43:02","modified_gmt":"2022-05-17T23:43:02","slug":"mentions-legales","status":"publish","type":"page","link":"https:\/\/charlenedechassat.fr\/maChatterieMazerienne\/mentions-legales\/","title":{"rendered":"Mentions l\u00e9gales"},"content":{"rendered":"\t\t<div data-elementor-type=\"wp-page\" data-elementor-id=\"2544\" class=\"elementor elementor-2544\">\n\t\t\t\t\t\t<section class=\"elementor-section elementor-top-section elementor-element elementor-element-5eea3ed7 elementor-section-boxed elementor-section-height-default elementor-section-height-default\" data-id=\"5eea3ed7\" data-element_type=\"section\">\n\t\t\t\t\t\t<div class=\"elementor-container elementor-column-gap-default\">\n\t\t\t\t\t<div class=\"elementor-column elementor-col-100 elementor-top-column elementor-element elementor-element-40208676\" data-id=\"40208676\" data-element_type=\"column\">\n\t\t\t<div class=\"elementor-widget-wrap elementor-element-populated\">\n\t\t\t\t\t\t<div class=\"elementor-element elementor-element-28337f5f elementor-widget elementor-widget-text-editor\" data-id=\"28337f5f\" data-element_type=\"widget\" data-widget_type=\"text-editor.default\">\n\t\t\t\t<div class=\"elementor-widget-container\">\n\t\t\t\t\t\t\t\t\t<h2>Identit\u00e9<\/h2>\n<ul>\n<li>Nom du site web : Ma chatterie maz\u00e9rienne<\/li><li>Adresse : https:\/\/machatteriemazerienne.fr<\/li>\n<li>Propri\u00e9taire : Sandrine Brunello<\/li>\n<li>Conception et r\u00e9alisation : <a href=\"http:\/\/charlenedechassat.fr\/\">charlenedechassat.fr<\/a><\/li>\n<\/ul>\n<h2>H\u00e9bergement<\/h2>\n<ul>\n<li>OVH<\/li>\n<li>SAS au capital de 10 174 560 \u20acRCS Lille M\u00e9tropole 424 761 419 00045<\/li>\n<li>Code APE 2620Z<\/li>\n<li>N\u00b0 TVA : FR 22 424 761 419<\/li>\n<li>Si\u00e8ge social : 2 rue Kellermann &#8211; 59100 Roubaix<\/li>\n<li>France&nbsp;Pr\u00e9sident : Michel Paulin<\/li>\n<\/ul>\n<h2>Personne morale<\/h2>\n<ul>\n<li>Ma chatterie Maz\u00e9rienne<\/li>\n<li>\u00c9leveur<\/li>\n<li>Code APE 0149Z&nbsp;<\/li>\n<li>Siret : 449 960 913 00092<\/li><li>Affixe : La chatterie de Piper&#8217;s kittens<br><\/li>\n<\/ul>\n<ul>\n<li>07 37 73 57 24<\/li>\n<li>contact@machatteriemazerienne.fr<\/li>\n<\/ul>\n<h2>Conditions d\u2019utilisation<\/h2>\n<p>L\u2019utilisation du pr\u00e9sent site implique l\u2019acceptation pleine et enti\u00e8re des conditions g\u00e9n\u00e9rales d\u2019utilisation d\u00e9crites ci-apr\u00e8s. Ces conditions d\u2019utilisation sont susceptibles d\u2019\u00eatre modifi\u00e9es ou compl\u00e9t\u00e9es \u00e0 tout moment.<\/p>\n<h3 style=\"font-size: 25px; font-weight: 100;\">Information<\/h3>\n<p>Les informations et documents du site sont pr\u00e9sent\u00e9s \u00e0 titre indicatif, sans de caract\u00e8re exhaustif, et ne peuvent engager la responsabilit\u00e9 du propri\u00e9taire du site. <br>Le propri\u00e9taire du site ne peut \u00eatre tenu responsable des dommages directs et indirects cons\u00e9cutifs \u00e0 l\u2019acc\u00e8s au site.<\/p>\n<h3 style=\"font-size: 25px; font-weight: 100;\">Propri\u00e9t\u00e9 intelectuelle<\/h3>\n<p>Sauf mention contraire, tous les \u00e9l\u00e9ments accessibles sur le site (textes, images, graphismes, logo, ic\u00f4nes, sons, logiciels, etc.) restent la propri\u00e9t\u00e9 exclusive de Ma chatterie Maz\u00e9rienne, en ce qui concerne les droits de propri\u00e9t\u00e9 intellectuelle ou les droits d\u2019usage.<\/p>\n<p>Toute reproduction, repr\u00e9sentation, modification, publication, adaptation de tout ou partie des \u00e9l\u00e9ments du site, quel que soit le moyen ou le proc\u00e9d\u00e9 utilis\u00e9, est interdite, sauf autorisation \u00e9crite pr\u00e9alable de l\u2019auteur.<\/p>\n<p>Toute exploitation non autoris\u00e9e du site ou de l\u2019un quelconque des \u00e9l\u00e9ments qu\u2019il contient est consid\u00e9r\u00e9e comme constitutive d\u2019une contrefa\u00e7on et passible de poursuites.<\/p>\n<p>Les marques et logos reproduits sur le site sont d\u00e9pos\u00e9s par les soci\u00e9t\u00e9s qui en sont propri\u00e9taires.<\/p>\n<h3 style=\"font-size: 25px; font-weight: 100;\">Liens<\/h3>\n<p><strong>Liens sortants<\/strong>: Le propri\u00e9taire du site d\u00e9cline toute responsabilit\u00e9 et n\u2019est pas engag\u00e9 par le r\u00e9f\u00e9rencement via des liens hypertextes, de ressources tierces pr\u00e9sentes sur le r\u00e9seau Internet, tant en ce qui concerne leur contenu que leur pertinence.<\/p>\n<p><strong>Liens entrants<\/strong>: Le propri\u00e9taire du site autorise les liens hypertextes vers l\u2019une des pages de ce site, \u00e0 condition que ceux-ci ouvrent une nouvelle fen\u00eatre et soient pr\u00e9sent\u00e9s de mani\u00e8re non \u00e9quivoque afin d\u2019\u00e9viter :<\/p>\n<ol>\n<li>Tout risque de confusion entre le site citant et le propri\u00e9taire du site ainsi que toute pr\u00e9sentation tendancieuse, ou contraire aux lois en vigueur.<\/li>\n<\/ol>\n<p>Le propri\u00e9taire du site se r\u00e9serve le droit de demander la suppression d\u2019un lien s\u2019il estime que le site source ne respecte pas les r\u00e8gles ainsi d\u00e9finies.<\/p>\n<h3 style=\"font-size: 25px; font-weight: 100;\">Modalit\u00e9s de paiment<\/h3>\n<p>Sauf stipulation contraire, pour tout contrat de vente ou de prestation de services conclu entre un professionnel et un consommateur, les sommes vers\u00e9es d&#8217;avance sont des arrhes, au sens de l&#8217;<a href=\"https:\/\/www.legifrance.gouv.fr\/affichCodeArticle.do?cidTexte=LEGITEXT000006070721&amp;idArticle=LEGIARTI000006441327&amp;dateTexte=&amp;categorieLien=cid\">article 1590 du code civil<\/a>. Dans ce cas, chacun des contractants peut revenir sur son engagement, le consommateur en perdant les arrhes, le professionnel en les restituant au double.<\/p>\n<h2>Sources<\/h2>\n<ol>\n<li><a href=\"https:\/\/www.legifrance.gouv.fr\/codes\/article_lc\/LEGIARTI000032226990\">Article L214-1<\/a> du code la consommation<\/li>\n<li>Articles L111-1 et suivants du Code de la Propri\u00e9t\u00e9 Intellectuelle du 1er juillet 1992&nbsp;<\/li>\n<li>Article 41 de la loi du 11 mars 1957&nbsp;<\/li>\n<li>Article L. 226-13 du Code p\u00e9nal et la Directive Europ\u00e9enne du 24 octobre 1995&nbsp;<\/li>\n<li>Articles L.335-2 et suivants du Code de Propri\u00e9t\u00e9 Intellectuelle&nbsp;<\/li>\n<li>Loi n\u00b0 78-87 du 6 janvier 1978, modifi\u00e9e par la loi n\u00b0 2004-801 du 6 ao\u00fbt 2004, relative \u00e0 l\u2019informatique, aux fichiers et aux libert\u00e9s&nbsp;<\/li>\n<li>Articles 38 et suivants de la loi 78-17 du 6 janvier 1978 relative \u00e0 l\u2019informatique, aux fichiers et aux libert\u00e9s&nbsp;<\/li>\n<li>Loi du 1er juillet 1998 transposant la directive 96\/9 du 11 mars 1996 relative \u00e0 la protection juridique des bases de donn\u00e9es&nbsp;<\/li>\n<li>Loi n\u00b0 2004-801 du 6 ao\u00fbt 2004&nbsp;<\/li>\n<li>Article 6 de la&nbsp; <a href=\"https:\/\/www.legifrance.gouv.fr\/affichTexte.do?cidTexte=JORFTEXT000000801164&amp;dateTexte=20160619\">loi n\u00b0 2004-575 du 21 juin 2004<\/a>&nbsp;pour la confiance dans l\u2019\u00e9conomie num\u00e9rique&nbsp;<\/li>\n<\/ol>\t\t\t\t\t\t\t\t<\/div>\n\t\t\t\t<\/div>\n\t\t\t\t\t<\/div>\n\t\t<\/div>\n\t\t\t\t\t<\/div>\n\t\t<\/section>\n\t\t\t\t<\/div>\n\t\t","protected":false},"excerpt":{"rendered":"<p>Identit\u00e9 Nom du site web : Ma chatterie maz\u00e9rienne Adresse : https:\/\/machatteriemazerienne.fr Propri\u00e9taire : Sandrine Brunello Conception et r\u00e9alisation : charlenedechassat.fr H\u00e9bergement OVH SAS au capital de 10 174 560 \u20acRCS Lille M\u00e9tropole 424 761 419 00045 Code APE 2620Z N\u00b0 TVA : FR 22 424 761 419 Si\u00e8ge social : 2 rue Kellermann &#8211; 59100 Roubaix France&nbsp;Pr\u00e9sident : Michel Paulin Personne morale Ma chatterie Maz\u00e9rienne \u00c9leveur Code APE 0149Z&nbsp;&hellip;<\/p>\n","protected":false},"author":1,"featured_media":0,"parent":0,"menu_order":0,"comment_status":"closed","ping_status":"closed","template":"","meta":{"inline_featured_image":false,"footnotes":""},"class_list":["post-2544","page","type-page","status-publish","hentry"],"yoast_head":"<!-- This site is optimized with the Yoast SEO plugin v24.7 - https:\/\/yoast.com\/wordpress\/plugins\/seo\/ -->\n<title>Mentions l\u00e9gales - Ma chatterie maz\u00e9rienne<\/title>\n<meta name=\"robots\" content=\"index, follow, max-snippet:-1, max-image-preview:large, max-video-preview:-1\" \/>\n<link rel=\"canonical\" href=\"https:\/\/charlenedechassat.fr\/maChatterieMazerienne\/mentions-legales\/\" \/>\n<meta property=\"og:locale\" content=\"fr_FR\" \/>\n<meta property=\"og:type\" content=\"article\" \/>\n<meta property=\"og:title\" content=\"Mentions l\u00e9gales - Ma chatterie maz\u00e9rienne\" \/>\n<meta property=\"og:description\" content=\"Identit\u00e9 Nom du site web : Ma chatterie maz\u00e9rienne Adresse : https:\/\/machatteriemazerienne.fr Propri\u00e9taire : Sandrine Brunello Conception et r\u00e9alisation : charlenedechassat.fr H\u00e9bergement OVH SAS au capital de 10 174 560 \u20acRCS Lille M\u00e9tropole 424 761 419 00045 Code APE 2620Z N\u00b0 TVA : FR 22 424 761 419 Si\u00e8ge social : 2 rue Kellermann &#8211; 59100 Roubaix France&nbsp;Pr\u00e9sident : Michel Paulin Personne morale Ma chatterie Maz\u00e9rienne \u00c9leveur Code APE 0149Z&nbsp;&hellip;\" \/>\n<meta property=\"og:url\" content=\"https:\/\/charlenedechassat.fr\/maChatterieMazerienne\/mentions-legales\/\" \/>\n<meta property=\"og:site_name\" content=\"Ma chatterie maz\u00e9rienne\" \/>\n<meta property=\"article:publisher\" content=\"https:\/\/www.facebook.com\/Ma-Chatterie-Mazrienne\/\" \/>\n<meta property=\"article:modified_time\" content=\"2022-05-17T23:43:02+00:00\" \/>\n<meta name=\"twitter:card\" content=\"summary_large_image\" \/>\n<meta name=\"twitter:label1\" content=\"Dur\u00e9e de lecture estim\u00e9e\" \/>\n\t<meta name=\"twitter:data1\" content=\"4 minutes\" \/>\n<script type=\"application\/ld+json\" class=\"yoast-schema-graph\">{\"@context\":\"https:\/\/schema.org\",\"@graph\":[{\"@type\":\"WebPage\",\"@id\":\"https:\/\/charlenedechassat.fr\/maChatterieMazerienne\/mentions-legales\/\",\"url\":\"https:\/\/charlenedechassat.fr\/maChatterieMazerienne\/mentions-legales\/\",\"name\":\"Mentions l\u00e9gales - Ma chatterie maz\u00e9rienne\",\"isPartOf\":{\"@id\":\"https:\/\/charlenedechassat.fr\/maChatterieMazerienne\/#website\"},\"datePublished\":\"2022-04-25T20:08:58+00:00\",\"dateModified\":\"2022-05-17T23:43:02+00:00\",\"breadcrumb\":{\"@id\":\"https:\/\/charlenedechassat.fr\/maChatterieMazerienne\/mentions-legales\/#breadcrumb\"},\"inLanguage\":\"fr-FR\",\"potentialAction\":[{\"@type\":\"ReadAction\",\"target\":[\"https:\/\/charlenedechassat.fr\/maChatterieMazerienne\/mentions-legales\/\"]}]},{\"@type\":\"BreadcrumbList\",\"@id\":\"https:\/\/charlenedechassat.fr\/maChatterieMazerienne\/mentions-legales\/#breadcrumb\",\"itemListElement\":[{\"@type\":\"ListItem\",\"position\":1,\"name\":\"Accueil\",\"item\":\"https:\/\/charlenedechassat.fr\/maChatterieMazerienne\/\"},{\"@type\":\"ListItem\",\"position\":2,\"name\":\"Mentions l\u00e9gales\"}]},{\"@type\":\"WebSite\",\"@id\":\"https:\/\/charlenedechassat.fr\/maChatterieMazerienne\/#website\",\"url\":\"https:\/\/charlenedechassat.fr\/maChatterieMazerienne\/\",\"name\":\"Ma chatterie maz\u00e9rienne\",\"description\":\"\",\"publisher\":{\"@id\":\"https:\/\/charlenedechassat.fr\/maChatterieMazerienne\/#organization\"},\"potentialAction\":[{\"@type\":\"SearchAction\",\"target\":{\"@type\":\"EntryPoint\",\"urlTemplate\":\"https:\/\/charlenedechassat.fr\/maChatterieMazerienne\/?s={search_term_string}\"},\"query-input\":{\"@type\":\"PropertyValueSpecification\",\"valueRequired\":true,\"valueName\":\"search_term_string\"}}],\"inLanguage\":\"fr-FR\"},{\"@type\":\"Organization\",\"@id\":\"https:\/\/charlenedechassat.fr\/maChatterieMazerienne\/#organization\",\"name\":\"Ma chatterie maz\u00e9rienne\",\"url\":\"https:\/\/charlenedechassat.fr\/maChatterieMazerienne\/\",\"logo\":{\"@type\":\"ImageObject\",\"inLanguage\":\"fr-FR\",\"@id\":\"https:\/\/charlenedechassat.fr\/maChatterieMazerienne\/#\/schema\/logo\/image\/\",\"url\":\"https:\/\/charlenedechassat.fr\/maChatterieMazerienne\/wp-content\/uploads\/2022\/05\/ma-chatterie-mazerienne_logo_noir.png\",\"contentUrl\":\"https:\/\/charlenedechassat.fr\/maChatterieMazerienne\/wp-content\/uploads\/2022\/05\/ma-chatterie-mazerienne_logo_noir.png\",\"width\":512,\"height\":308,\"caption\":\"Ma chatterie maz\u00e9rienne\"},\"image\":{\"@id\":\"https:\/\/charlenedechassat.fr\/maChatterieMazerienne\/#\/schema\/logo\/image\/\"},\"sameAs\":[\"https:\/\/www.facebook.com\/Ma-Chatterie-Mazrienne\/\",\"https:\/\/www.instagram.com\/machatteriemazerienne\/\"]}]}<\/script>\n<!-- \/ Yoast SEO plugin. -->","yoast_head_json":{"title":"Mentions l\u00e9gales - Ma chatterie maz\u00e9rienne","robots":{"index":"index","follow":"follow","max-snippet":"max-snippet:-1","max-image-preview":"max-image-preview:large","max-video-preview":"max-video-preview:-1"},"canonical":"https:\/\/charlenedechassat.fr\/maChatterieMazerienne\/mentions-legales\/","og_locale":"fr_FR","og_type":"article","og_title":"Mentions l\u00e9gales - Ma chatterie maz\u00e9rienne","og_description":"Identit\u00e9 Nom du site web : Ma chatterie maz\u00e9rienne Adresse : https:\/\/machatteriemazerienne.fr Propri\u00e9taire : Sandrine Brunello Conception et r\u00e9alisation : charlenedechassat.fr H\u00e9bergement OVH SAS au capital de 10 174 560 \u20acRCS Lille M\u00e9tropole 424 761 419 00045 Code APE 2620Z N\u00b0 TVA : FR 22 424 761 419 Si\u00e8ge social : 2 rue Kellermann &#8211; 59100 Roubaix France&nbsp;Pr\u00e9sident : Michel Paulin Personne morale Ma chatterie Maz\u00e9rienne \u00c9leveur Code APE 0149Z&nbsp;&hellip;","og_url":"https:\/\/charlenedechassat.fr\/maChatterieMazerienne\/mentions-legales\/","og_site_name":"Ma chatterie maz\u00e9rienne","article_publisher":"https:\/\/www.facebook.com\/Ma-Chatterie-Mazrienne\/","article_modified_time":"2022-05-17T23:43:02+00:00","twitter_card":"summary_large_image","twitter_misc":{"Dur\u00e9e de lecture estim\u00e9e":"4 minutes"},"schema":{"@context":"https:\/\/schema.org","@graph":[{"@type":"WebPage","@id":"https:\/\/charlenedechassat.fr\/maChatterieMazerienne\/mentions-legales\/","url":"https:\/\/charlenedechassat.fr\/maChatterieMazerienne\/mentions-legales\/","name":"Mentions l\u00e9gales - Ma chatterie maz\u00e9rienne","isPartOf":{"@id":"https:\/\/charlenedechassat.fr\/maChatterieMazerienne\/#website"},"datePublished":"2022-04-25T20:08:58+00:00","dateModified":"2022-05-17T23:43:02+00:00","breadcrumb":{"@id":"https:\/\/charlenedechassat.fr\/maChatterieMazerienne\/mentions-legales\/#breadcrumb"},"inLanguage":"fr-FR","potentialAction":[{"@type":"ReadAction","target":["https:\/\/charlenedechassat.fr\/maChatterieMazerienne\/mentions-legales\/"]}]},{"@type":"BreadcrumbList","@id":"https:\/\/charlenedechassat.fr\/maChatterieMazerienne\/mentions-legales\/#breadcrumb","itemListElement":[{"@type":"ListItem","position":1,"name":"Accueil","item":"https:\/\/charlenedechassat.fr\/maChatterieMazerienne\/"},{"@type":"ListItem","position":2,"name":"Mentions l\u00e9gales"}]},{"@type":"WebSite","@id":"https:\/\/charlenedechassat.fr\/maChatterieMazerienne\/#website","url":"https:\/\/charlenedechassat.fr\/maChatterieMazerienne\/","name":"Ma chatterie maz\u00e9rienne","description":"","publisher":{"@id":"https:\/\/charlenedechassat.fr\/maChatterieMazerienne\/#organization"},"potentialAction":[{"@type":"SearchAction","target":{"@type":"EntryPoint","urlTemplate":"https:\/\/charlenedechassat.fr\/maChatterieMazerienne\/?s={search_term_string}"},"query-input":{"@type":"PropertyValueSpecification","valueRequired":true,"valueName":"search_term_string"}}],"inLanguage":"fr-FR"},{"@type":"Organization","@id":"https:\/\/charlenedechassat.fr\/maChatterieMazerienne\/#organization","name":"Ma chatterie maz\u00e9rienne","url":"https:\/\/charlenedechassat.fr\/maChatterieMazerienne\/","logo":{"@type":"ImageObject","inLanguage":"fr-FR","@id":"https:\/\/charlenedechassat.fr\/maChatterieMazerienne\/#\/schema\/logo\/image\/","url":"https:\/\/charlenedechassat.fr\/maChatterieMazerienne\/wp-content\/uploads\/2022\/05\/ma-chatterie-mazerienne_logo_noir.png","contentUrl":"https:\/\/charlenedechassat.fr\/maChatterieMazerienne\/wp-content\/uploads\/2022\/05\/ma-chatterie-mazerienne_logo_noir.png","width":512,"height":308,"caption":"Ma chatterie maz\u00e9rienne"},"image":{"@id":"https:\/\/charlenedechassat.fr\/maChatterieMazerienne\/#\/schema\/logo\/image\/"},"sameAs":["https:\/\/www.facebook.com\/Ma-Chatterie-Mazrienne\/","https:\/\/www.instagram.com\/machatteriemazerienne\/"]}]}},"_links":{"self":[{"href":"https:\/\/charlenedechassat.fr\/maChatterieMazerienne\/wp-json\/wp\/v2\/pages\/2544","targetHints":{"allow":["GET"]}}],"collection":[{"href":"https:\/\/charlenedechassat.fr\/maChatterieMazerienne\/wp-json\/wp\/v2\/pages"}],"about":[{"href":"https:\/\/charlenedechassat.fr\/maChatterieMazerienne\/wp-json\/wp\/v2\/types\/page"}],"author":[{"embeddable":true,"href":"https:\/\/charlenedechassat.fr\/maChatterieMazerienne\/wp-json\/wp\/v2\/users\/1"}],"replies":[{"embeddable":true,"href":"https:\/\/charlenedechassat.fr\/maChatterieMazerienne\/wp-json\/wp\/v2\/comments?post=2544"}],"version-history":[{"count":121,"href":"https:\/\/charlenedechassat.fr\/maChatterieMazerienne\/wp-json\/wp\/v2\/pages\/2544\/revisions"}],"predecessor-version":[{"id":4135,"href":"https:\/\/charlenedechassat.fr\/maChatterieMazerienne\/wp-json\/wp\/v2\/pages\/2544\/revisions\/4135"}],"wp:attachment":[{"href":"https:\/\/charlenedechassat.fr\/maChatterieMazerienne\/wp-json\/wp\/v2\/media?parent=2544"}],"curies":[{"name":"wp","href":"https:\/\/api.w.org\/{rel}","templated":true}]}}